{"id":238757,"date":"2025-04-26T01:30:15","date_gmt":"2025-04-26T01:30:15","guid":{"rendered":"https:\/\/experimentopanzergeist.es\/?page_id=238757"},"modified":"2026-03-15T10:49:54","modified_gmt":"2026-03-15T10:49:54","slug":"novela-en-imagenes","status":"publish","type":"page","link":"https:\/\/experimentopanzergeist.es\/es\/novela-en-imagenes\/","title":{"rendered":"Novela en imagenes"},"content":{"rendered":"<p>[et_pb_section fb_built=\u00bb1&#8243; custom_padding_last_edited=\u00bbon|phone\u00bb admin_label=\u00bbHeader\u00bb _builder_version=\u00bb4.27.6&#8243; background_image=\u00bbhttps:\/\/experimentopanzergeist.es\/wp-content\/uploads\/\/2026\/03\/nov-en-ima.png\u00bb background_position=\u00bbbottom_center\u00bb background_vertical_offset=\u00bb49%\u00bb custom_padding=\u00bb100px||0vw|||\u00bb custom_padding_tablet=\u00bb40px|||\u00bb custom_padding_phone=\u00bb0px|||\u00bb locked=\u00bboff\u00bb global_colors_info=\u00bb{}\u00bb][et_pb_row _builder_version=\u00bb4.16&#8243; custom_padding=\u00bb20px|||||\u00bb global_colors_info=\u00bb{}\u00bb][et_pb_column type=\u00bb4_4&#8243; _builder_version=\u00bb4.16&#8243; global_colors_info=\u00bb{}\u00bb][et_pb_text _builder_version=\u00bb4.27.6&#8243; header_font=\u00bbAbril Fatface||||||||\u00bb header_font_size=\u00bb80px\u00bb header_line_height=\u00bb0.9em\u00bb background_layout=\u00bbdark\u00bb header_font_size_tablet=\u00bb54px\u00bb header_font_size_phone=\u00bb34px\u00bb header_font_size_last_edited=\u00bbon|phone\u00bb locked=\u00bboff\u00bb global_colors_info=\u00bb{}\u00bb]<\/p>\n<h1>Novela en im\u00e1genes<\/h1>\n<p>[\/et_pb_text][\/et_pb_column][\/et_pb_row][et_pb_row _builder_version=\u00bb4.16&#8243; width=\u00bb100%\u00bb max_width=\u00bb100%\u00bb custom_padding=\u00bb0px||0px|||\u00bb locked=\u00bboff\u00bb global_colors_info=\u00bb{}\u00bb][et_pb_column type=\u00bb4_4&#8243; _builder_version=\u00bb4.16&#8243; custom_padding=\u00bb|||\u00bb global_colors_info=\u00bb{}\u00bb custom_padding__hover=\u00bb|||\u00bb][et_pb_image src=\u00bbhttps:\/\/experimentopanzergeist.es\/wp-content\/uploads\/\/2020\/01\/food-bank_57.png\u00bb align=\u00bbright\u00bb align_tablet=\u00bbcenter\u00bb align_phone=\u00bb\u00bb align_last_edited=\u00bbon|desktop\u00bb _builder_version=\u00bb4.16&#8243; global_colors_info=\u00bb{}\u00bb][\/et_pb_image][\/et_pb_column][\/et_pb_row][\/et_pb_section][et_pb_section fb_built=\u00bb1&#8243; admin_label=\u00bbEvents\u00bb _builder_version=\u00bb4.16&#8243; background_image=\u00bbhttps:\/\/experimentopanzergeist.es\/wp-content\/uploads\/\/2020\/01\/EXPAN10.jpg\u00bb locked=\u00bboff\u00bb global_colors_info=\u00bb{}\u00bb][et_pb_row column_structure=\u00bb1_3,1_3,1_3&#8243; _builder_version=\u00bb4.27.4&#8243; _module_preset=\u00bbdefault\u00bb global_colors_info=\u00bb{}\u00bb][et_pb_column type=\u00bb1_3&#8243; _builder_version=\u00bb4.27.4&#8243; _module_preset=\u00bbdefault\u00bb global_colors_info=\u00bb{}\u00bb][et_pb_image src=\u00bbhttps:\/\/experimentopanzergeist.es\/wp-content\/uploads\/\/2020\/01\/food-bank_61.png\u00bb title_text=\u00bbnovela &#8211; personajes principales\u00bb url=\u00bbhttps:\/\/experimentopanzergeist.es\/es\/personajes-principales\/\u00bb force_fullwidth=\u00bbon\u00bb align_tablet=\u00bbcenter\u00bb align_phone=\u00bb\u00bb align_last_edited=\u00bbon|desktop\u00bb _builder_version=\u00bb4.27.6&#8243; background_image=\u00bbhttps:\/\/experimentopanzergeist.es\/wp-content\/uploads\/\/2026\/03\/novela-personajes-principales.png\u00bb global_colors_info=\u00bb{}\u00bb][\/et_pb_image][et_pb_text _builder_version=\u00bb4.27.4&#8243; text_font=\u00bb||||||||\u00bb text_font_size=\u00bb20px\u00bb header_font=\u00bb||||||||\u00bb header_2_font=\u00bbLora|700|||||||\u00bb header_2_font_size=\u00bb50px\u00bb header_2_line_height=\u00bb1.2em\u00bb module_alignment=\u00bbleft\u00bb text_font_size_tablet=\u00bb\u00bb text_font_size_phone=\u00bb16px\u00bb text_font_size_last_edited=\u00bbon|desktop\u00bb header_2_font_size_tablet=\u00bb\u00bb header_2_font_size_phone=\u00bb32px\u00bb header_2_font_size_last_edited=\u00bbon|desktop\u00bb locked=\u00bboff\u00bb global_colors_info=\u00bb{}\u00bb]<\/p>\n<h3><strong>Personajes principales<\/strong><\/h3>\n<ul>\n<li><a href=\"https:\/\/experimentopanzergeist.es\/es\/personajes-principales\/\">Johann Neisser<\/a><\/li>\n<li><a href=\"https:\/\/experimentopanzergeist.es\/es\/personajes-principales\/\">Fabi\u00e1n En\u00e9riz Olague<\/a><\/li>\n<li><a href=\"https:\/\/experimentopanzergeist.es\/es\/personajes-principales\/\">Erich Marcks<\/a><\/li>\n<li><a href=\"https:\/\/experimentopanzergeist.es\/es\/personajes-principales\/\">Albert Kramer<\/a><\/li>\n<li><a href=\"https:\/\/experimentopanzergeist.es\/es\/personajes-principales\/\">Gerhard Dietrich<\/a><\/li>\n<li><a href=\"https:\/\/experimentopanzergeist.es\/es\/personajes-principales\/\/\">Walther Henke<\/a><\/li>\n<\/ul>\n<p>[\/et_pb_text][et_pb_image src=\u00bbhttps:\/\/experimentopanzergeist.es\/wp-content\/uploads\/\/2020\/01\/food-bank_60.png\u00bb title_text=\u00bbnovela &#8211; veh\u00edculos\u00bb force_fullwidth=\u00bbon\u00bb align_tablet=\u00bbcenter\u00bb align_phone=\u00bb\u00bb align_last_edited=\u00bbon|desktop\u00bb _builder_version=\u00bb4.27.6&#8243; background_image=\u00bbhttps:\/\/experimentopanzergeist.es\/wp-content\/uploads\/\/2026\/03\/novela-vehiculos.png\u00bb background_position=\u00bbbottom_center\u00bb hover_enabled=\u00bb0&#8243; global_colors_info=\u00bb{}\u00bb sticky_enabled=\u00bb0&#8243;][\/et_pb_image][et_pb_text _builder_version=\u00bb4.27.4&#8243; text_font=\u00bb||||||||\u00bb text_font_size=\u00bb20px\u00bb header_font=\u00bb||||||||\u00bb header_2_font=\u00bbLora|700|||||||\u00bb header_2_font_size=\u00bb50px\u00bb header_2_line_height=\u00bb1.2em\u00bb module_alignment=\u00bbleft\u00bb text_font_size_tablet=\u00bb\u00bb text_font_size_phone=\u00bb16px\u00bb text_font_size_last_edited=\u00bbon|desktop\u00bb header_2_font_size_tablet=\u00bb\u00bb header_2_font_size_phone=\u00bb32px\u00bb header_2_font_size_last_edited=\u00bbon|desktop\u00bb locked=\u00bboff\u00bb global_colors_info=\u00bb{}\u00bb]<\/p>\n<h3><strong>Parque mov\u00edl<\/strong><\/h3>\n<ul>\n<ul>\n<li><a href=\"https:\/\/experimentopanzergeist.es\/es\/citroen-11\/\">Citro\u00ebn 11<\/a><\/li>\n<li><a href=\"https:\/\/experimentopanzergeist.es\/es\/hanomag\/\">Hanomag<\/a><\/li>\n<li><a href=\"https:\/\/experimentopanzergeist.es\/es\/panzergeist\/\">Panzergeist<\/a><\/li>\n<li><a href=\"https:\/\/experimentopanzergeist.es\/es\/renault-8ts\/\">Renault 8 TS<\/a><\/li>\n<li><a href=\"https:\/\/experimentopanzergeist.es\/es\/opel-blitz\/\">Opel Blitz<\/a><\/li>\n<li><a href=\"https:\/\/experimentopanzergeist.es\/es\/u-boot-154\/\">Uboot 154<\/a><\/li>\n<\/ul>\n<\/ul>\n<p>[\/et_pb_text][et_pb_image src=\u00bbhttps:\/\/experimentopanzergeist.es\/wp-content\/uploads\/\/2020\/01\/food-bank_59.png\u00bb title_text=\u00bbnovela &#8211; personajes historicos\u00bb force_fullwidth=\u00bbon\u00bb align_tablet=\u00bbcenter\u00bb align_phone=\u00bb\u00bb align_last_edited=\u00bbon|desktop\u00bb _builder_version=\u00bb4.27.6&#8243; background_image=\u00bbhttps:\/\/experimentopanzergeist.es\/wp-content\/uploads\/\/2026\/03\/novela-personajes-historicos.png\u00bb global_colors_info=\u00bb{}\u00bb][\/et_pb_image][et_pb_text _builder_version=\u00bb4.27.4&#8243; text_font=\u00bb||||||||\u00bb text_font_size=\u00bb20px\u00bb header_font=\u00bb||||||||\u00bb header_2_font=\u00bbLora|700|||||||\u00bb header_2_font_size=\u00bb50px\u00bb header_2_line_height=\u00bb1.2em\u00bb module_alignment=\u00bbleft\u00bb text_font_size_tablet=\u00bb\u00bb text_font_size_phone=\u00bb16px\u00bb text_font_size_last_edited=\u00bbon|desktop\u00bb header_2_font_size_tablet=\u00bb\u00bb header_2_font_size_phone=\u00bb32px\u00bb header_2_font_size_last_edited=\u00bbon|desktop\u00bb locked=\u00bboff\u00bb global_colors_info=\u00bb{}\u00bb]<\/p>\n<h3><strong>Personajes hist\u00f3ricos:<\/strong><\/h3>\n<ul>\n<ul>\n<li><a href=\"https:\/\/experimentopanzergeist.es\/es\/albert-speer\/\">Albert Speer<\/a><\/li>\n<li><a href=\"https:\/\/experimentopanzergeist.es\/es\/ernst-kaltenbrunner\/\">Ernst Kaltenbrunner<\/a><\/li>\n<li><a href=\"https:\/\/experimentopanzergeist.es\/es\/liberto-en-el-siglo-i\/\">Liberto en el siglo I<\/a><\/li>\n<li><a href=\"https:\/\/experimentopanzergeist.es\/es\/hans-kammler\/\">Hans Kammler<\/a><\/li>\n<li><a href=\"https:\/\/experimentopanzergeist.es\/es\/heinrich-schuch\/\">Heinrich Schuch<\/a><\/li>\n<li><a href=\"https:\/\/experimentopanzergeist.es\/es\/rosa-blanca\/\">Rosa blanca<\/a><\/li>\n<li><a href=\"https:\/\/experimentopanzergeist.es\/es\/gladiadores\/\">Gladiadores<\/a><\/li>\n<li><a href=\"https:\/\/experimentopanzergeist.es\/es\/tito-flavio-vespasiano\/\">Tito Flavio Vespasiano<\/a><\/li>\n<li><a href=\"https:\/\/experimentopanzergeist.es\/es\/vespasiano\/\">Vespasiano<\/a><\/li>\n<li><a href=\"https:\/\/experimentopanzergeist.es\/es\/werner-heisenberg\/\">Werner Karl Heisenberg<\/a><\/li>\n<\/ul>\n<\/ul>\n<p>[\/et_pb_text][\/et_pb_column][et_pb_column type=\u00bb1_3&#8243; _builder_version=\u00bb4.27.4&#8243; _module_preset=\u00bbdefault\u00bb global_colors_info=\u00bb{}\u00bb][et_pb_image src=\u00bbhttps:\/\/experimentopanzergeist.es\/wp-content\/uploads\/\/2020\/01\/food-bank_61.png\u00bb title_text=\u00bbnovela &#8211; territorios\u00bb force_fullwidth=\u00bbon\u00bb align_tablet=\u00bbcenter\u00bb align_phone=\u00bb\u00bb align_last_edited=\u00bbon|desktop\u00bb _builder_version=\u00bb4.27.6&#8243; background_image=\u00bbhttps:\/\/experimentopanzergeist.es\/wp-content\/uploads\/\/2026\/03\/novela-territorios-1.png\u00bb global_colors_info=\u00bb{}\u00bb][\/et_pb_image][et_pb_text _builder_version=\u00bb4.27.4&#8243; text_font=\u00bbGeorgia|700|||||||\u00bb text_font_size=\u00bb23px\u00bb header_font=\u00bb||||||||\u00bb header_2_font=\u00bbLora|700|||||||\u00bb header_2_font_size=\u00bb50px\u00bb header_2_line_height=\u00bb1.2em\u00bb module_alignment=\u00bbleft\u00bb custom_margin=\u00bb||7px|||\u00bb text_font_size_tablet=\u00bb\u00bb text_font_size_phone=\u00bb16px\u00bb text_font_size_last_edited=\u00bbon|desktop\u00bb header_2_font_size_tablet=\u00bb\u00bb header_2_font_size_phone=\u00bb32px\u00bb header_2_font_size_last_edited=\u00bbon|desktop\u00bb locked=\u00bboff\u00bb global_colors_info=\u00bb{}\u00bb]<strong>Territorios:<\/strong><br \/>\n<span><\/span>[\/et_pb_text][et_pb_text _builder_version=\u00bb4.27.4&#8243; text_font=\u00bb||||||||\u00bb text_font_size=\u00bb20px\u00bb header_font=\u00bb||||||||\u00bb header_2_font=\u00bbLora|700|||||||\u00bb header_2_font_size=\u00bb50px\u00bb header_2_line_height=\u00bb1.2em\u00bb module_alignment=\u00bbleft\u00bb text_font_size_tablet=\u00bb\u00bb text_font_size_phone=\u00bb16px\u00bb text_font_size_last_edited=\u00bbon|desktop\u00bb header_2_font_size_tablet=\u00bb\u00bb header_2_font_size_phone=\u00bb32px\u00bb header_2_font_size_last_edited=\u00bbon|desktop\u00bb locked=\u00bboff\u00bb global_colors_info=\u00bb{}\u00bb]<\/p>\n<h3><span><strong>Alemania<\/strong><\/span><\/h3>\n<ul>\n<li><a href=\"https:\/\/experimentopanzergeist.es\/es\/hillersleben\/\">Hillersleben<\/a><\/li>\n<li><a href=\"https:\/\/experimentopanzergeist.es\/es\/cerveceria-hofbrauhaus\/\">Cervecer\u00eda Hofbr\u00e4uhaus<\/a><\/li>\n<li><a href=\"https:\/\/experimentopanzergeist.es\/es\/gestapo\/\">Gestapo<\/a><\/li>\n<li><a href=\"https:\/\/experimentopanzergeist.es\/es\/nikolaikirche\/\">Nikolaikirche<\/a><\/li>\n<\/ul>\n<h3><span><strong>Italia<\/strong><\/span><\/h3>\n<ul>\n<li><a href=\"https:\/\/experimentopanzergeist.es\/es\/aquae-cutiliae-terme-di-vespasiano\/\">Aquae Cutiliae, Terme di Vespasiano<\/a><\/li>\n<li><a href=\"https:\/\/experimentopanzergeist.es\/es\/vesuvio\/\">Vesuvio<\/a><\/li>\n<li><a href=\"https:\/\/experimentopanzergeist.es\/es\/herculano\/\">Herculaneum (Ercolano)<\/a><\/li>\n<li><a href=\"https:\/\/experimentopanzergeist.es\/es\/pompeya\/\">Pompeya<\/a><\/li>\n<li><a href=\"https:\/\/experimentopanzergeist.es\/es\/silva-urbem\/\">Silva Urbem, el foro romano de Waldgirmes<\/a><\/li>\n<li><a href=\"https:\/\/experimentopanzergeist.es\/es\/sorrentum\/\">Sorrentum (Sorrento)<\/a><\/li>\n<\/ul>\n<h3><span><strong>Espa\u00f1a<\/strong><\/span><\/h3>\n<ul>\n<li><a href=\"https:\/\/experimentopanzergeist.es\/es\/portus-magnus\/\">Portus Magnus (Almeria)<\/a><\/li>\n<li><a href=\"https:\/\/experimentopanzergeist.es\/es\/tarraco\/\">Tarraco (Tarragona)<\/a><\/li>\n<li><a href=\"https:\/\/experimentopanzergeist.es\/es\/vicus-spacorum\/\">Vicus Spacorum (Vigo)<\/a><\/li>\n<\/ul>\n<h3><span><strong>Francia<\/strong><\/span><\/h3>\n<ul>\n<li><a href=\"https:\/\/experimentopanzergeist.es\/es\/darioritum\/\">Darioritum (Vannes)<\/a><\/li>\n<li><a href=\"https:\/\/experimentopanzergeist.es\/es\/dieppe\/\">Dieppe<\/a><\/li>\n<\/ul>\n<h3><span><strong>Travesia<\/strong><\/span><\/h3>\n<ul>\n<li><a href=\"https:\/\/experimentopanzergeist.es\/es\/travesia\/\">Traves\u00eda<\/a><\/li>\n<\/ul>\n<p>[\/et_pb_text][et_pb_image src=\u00bbhttps:\/\/experimentopanzergeist.es\/wp-content\/uploads\/\/2020\/01\/food-bank_60.png\u00bb title_text=\u00bbnovela &#8211; accesorios\u00bb force_fullwidth=\u00bbon\u00bb align_tablet=\u00bbcenter\u00bb align_phone=\u00bb\u00bb align_last_edited=\u00bbon|desktop\u00bb _builder_version=\u00bb4.27.6&#8243; background_image=\u00bbhttps:\/\/experimentopanzergeist.es\/wp-content\/uploads\/\/2026\/03\/novela-accesorios.png\u00bb global_colors_info=\u00bb{}\u00bb][\/et_pb_image][et_pb_text _builder_version=\u00bb4.27.4&#8243; text_font=\u00bb||||||||\u00bb text_font_size=\u00bb20px\u00bb header_font=\u00bb||||||||\u00bb header_2_font=\u00bbLora|700|||||||\u00bb header_2_font_size=\u00bb50px\u00bb header_2_line_height=\u00bb1.2em\u00bb module_alignment=\u00bbleft\u00bb text_font_size_tablet=\u00bb\u00bb text_font_size_phone=\u00bb16px\u00bb text_font_size_last_edited=\u00bbon|desktop\u00bb header_2_font_size_tablet=\u00bb\u00bb header_2_font_size_phone=\u00bb32px\u00bb header_2_font_size_last_edited=\u00bbon|desktop\u00bb locked=\u00bboff\u00bb global_colors_info=\u00bb{}\u00bb]<\/p>\n<h3><strong>Accesorios:<\/strong><\/h3>\n<ul>\n<li><a href=\"https:\/\/experimentopanzergeist.es\/es\/pervitin\/\">Pervitin<\/a><\/li>\n<li><a href=\"https:\/\/experimentopanzergeist.es\/es\/soldbuch\/\">Soldbuch<\/a><\/li>\n<li><a href=\"https:\/\/experimentopanzergeist.es\/es\/insignias\/\">Insignias y Medallas<\/a><\/li>\n<li><a href=\"https:\/\/experimentopanzergeist.es\/es\/kennkarte\/\">Kennkarte<\/a><\/li>\n<li><a href=\"https:\/\/experimentopanzergeist.es\/es\/descifradora-enigma\/\">Descifradora \u201cEnigma\u201d<\/a><\/li>\n<li><a href=\"https:\/\/experimentopanzergeist.es\/es\/vestimenta-romana\/\">Vestimenta romana<\/a><\/li>\n<li><a href=\"https:\/\/experimentopanzergeist.es\/es\/uniformes-militares\/\">Uniformes militares<\/a><\/li>\n<\/ul>\n<p>[\/et_pb_text][\/et_pb_column][et_pb_column type=\u00bb1_3&#8243; _builder_version=\u00bb4.27.4&#8243; _module_preset=\u00bbdefault\u00bb global_colors_info=\u00bb{}\u00bb][et_pb_image src=\u00bbhttps:\/\/experimentopanzergeist.es\/wp-content\/uploads\/\/2020\/01\/food-bank_59.png\u00bb title_text=\u00bbnovela &#8211; armamento\u00bb force_fullwidth=\u00bbon\u00bb align_tablet=\u00bbcenter\u00bb align_phone=\u00bb\u00bb align_last_edited=\u00bbon|desktop\u00bb _builder_version=\u00bb4.27.6&#8243; background_image=\u00bbhttps:\/\/experimentopanzergeist.es\/wp-content\/uploads\/\/2026\/03\/novela-armamento.png\u00bb global_colors_info=\u00bb{}\u00bb][\/et_pb_image][et_pb_text _builder_version=\u00bb4.27.4&#8243; text_font=\u00bb||||||||\u00bb text_font_size=\u00bb20px\u00bb header_font=\u00bb||||||||\u00bb header_2_font=\u00bbLora|700|||||||\u00bb header_2_font_size=\u00bb50px\u00bb header_2_line_height=\u00bb1.2em\u00bb module_alignment=\u00bbleft\u00bb text_font_size_tablet=\u00bb\u00bb text_font_size_phone=\u00bb16px\u00bb text_font_size_last_edited=\u00bbon|desktop\u00bb header_2_font_size_tablet=\u00bb\u00bb header_2_font_size_phone=\u00bb32px\u00bb header_2_font_size_last_edited=\u00bbon|desktop\u00bb locked=\u00bboff\u00bb global_colors_info=\u00bb{}\u00bb]<\/p>\n<h3><strong>Armamento<\/strong><\/h3>\n<ul>\n<li><a href=\"https:\/\/experimentopanzergeist.es\/es\/mauser-kar-98k\/\">Mauser Kar 98K<\/a><\/li>\n<li><a href=\"https:\/\/experimentopanzergeist.es\/es\/nagant-m1895\/\">Nagant M1895<\/a><\/li>\n<li><a href=\"https:\/\/experimentopanzergeist.es\/es\/colt-m1911\/\">Colt M1911<\/a><\/li>\n<li><a href=\"https:\/\/experimentopanzergeist.es\/es\/daga-ss-schutzstaffel\/\">Daga SS Schutzstaffel<\/a><\/li>\n<li><a href=\"https:\/\/experimentopanzergeist.es\/es\/luger-p08\/\">Luger P08<\/a><\/li>\n<li><a href=\"https:\/\/experimentopanzergeist.es\/es\/mauser-c96\/\">Mauser C96<\/a><\/li>\n<li><a href=\"https:\/\/experimentopanzergeist.es\/es\/spongia\/\">Spongia<\/a><\/li>\n<li><a href=\"https:\/\/experimentopanzergeist.es\/es\/walther-p38\/\">Walther P38<\/a><\/li>\n<\/ul>\n<p>[\/et_pb_text][et_pb_image src=\u00bbhttps:\/\/experimentopanzergeist.es\/wp-content\/uploads\/\/2020\/01\/food-bank_60.png\u00bb title_text=\u00bbnovela &#8211; gastronomia\u00bb force_fullwidth=\u00bbon\u00bb align_tablet=\u00bbcenter\u00bb align_phone=\u00bb\u00bb align_last_edited=\u00bbon|desktop\u00bb _builder_version=\u00bb4.27.6&#8243; background_image=\u00bbhttps:\/\/experimentopanzergeist.es\/wp-content\/uploads\/\/2026\/03\/novela-gastronomia.png\u00bb global_colors_info=\u00bb{}\u00bb][\/et_pb_image][et_pb_text _builder_version=\u00bb4.27.4&#8243; text_font=\u00bb||||||||\u00bb text_font_size=\u00bb20px\u00bb header_font=\u00bb||||||||\u00bb header_2_font=\u00bbLora|700|||||||\u00bb header_2_font_size=\u00bb50px\u00bb header_2_line_height=\u00bb1.2em\u00bb module_alignment=\u00bbleft\u00bb text_font_size_tablet=\u00bb\u00bb text_font_size_phone=\u00bb16px\u00bb text_font_size_last_edited=\u00bbon|desktop\u00bb header_2_font_size_tablet=\u00bb\u00bb header_2_font_size_phone=\u00bb32px\u00bb header_2_font_size_last_edited=\u00bbon|desktop\u00bb locked=\u00bboff\u00bb global_colors_info=\u00bb{}\u00bb]<\/p>\n<h3><strong>Gastronom\u00eda:<\/strong><\/h3>\n<ul>\n<li><a href=\"https:\/\/experimentopanzergeist.es\/es\/garum\/\"> Garum<\/a><\/li>\n<li><a href=\"https:\/\/experimentopanzergeist.es\/es\/moretum\/\">Moretum<\/a><\/li>\n<li><a href=\"https:\/\/experimentopanzergeist.es\/es\/mulsum\/\">Mulsum<\/a><\/li>\n<\/ul>\n<p>[\/et_pb_text][et_pb_image src=\u00bbhttps:\/\/experimentopanzergeist.es\/wp-content\/uploads\/\/2020\/01\/food-bank_59.png\u00bb title_text=\u00bbnovela &#8211; banda sonora\u00bb force_fullwidth=\u00bbon\u00bb align_tablet=\u00bbcenter\u00bb align_phone=\u00bb\u00bb align_last_edited=\u00bbon|desktop\u00bb _builder_version=\u00bb4.27.6&#8243; background_image=\u00bbhttps:\/\/experimentopanzergeist.es\/wp-content\/uploads\/\/2026\/03\/novela-banda-sonora.png\u00bb custom_margin=\u00bb||26px|||\u00bb global_colors_info=\u00bb{}\u00bb][\/et_pb_image][et_pb_text _builder_version=\u00bb4.27.4&#8243; text_font=\u00bb||||||||\u00bb text_font_size=\u00bb20px\u00bb header_font=\u00bb||||||||\u00bb header_2_font=\u00bbLora|700|||||||\u00bb header_2_font_size=\u00bb50px\u00bb header_2_line_height=\u00bb1.2em\u00bb module_alignment=\u00bbleft\u00bb text_font_size_tablet=\u00bb\u00bb text_font_size_phone=\u00bb16px\u00bb text_font_size_last_edited=\u00bbon|desktop\u00bb header_2_font_size_tablet=\u00bb\u00bb header_2_font_size_phone=\u00bb32px\u00bb header_2_font_size_last_edited=\u00bbon|desktop\u00bb locked=\u00bboff\u00bb global_colors_info=\u00bb{}\u00bb]<\/p>\n<h3><strong>Banda sonora:<\/strong><\/h3>\n<ul>\n<li><a href=\"https:\/\/experimentopanzergeist.es\/es\/bolero-ravel\/\">Bolero<\/a><\/li>\n<li><a href=\"https:\/\/experimentopanzergeist.es\/es\/greensleeves\/\">Greensleeves<\/a><\/li>\n<li><a href=\"https:\/\/experimentopanzergeist.es\/es\/horst-wessel-lied\/\">Horst Wessel Lied (Die Fahne Hoch)<\/a><\/li>\n<li><a href=\"https:\/\/experimentopanzergeist.es\/es\/house-of-the-rising-sun\/\">House of the Rising Sun<\/a><\/li>\n<li><a href=\"https:\/\/experimentopanzergeist.es\/es\/lili-marleen\/\">Lili Marleen<\/a><\/li>\n<li><a href=\"https:\/\/experimentopanzergeist.es\/es\/shake-some-action\/\">Shake Some Action<\/a><\/li>\n<\/ul>\n<p>[\/et_pb_text][\/et_pb_column][\/et_pb_row][\/et_pb_section]<\/p>\n","protected":false},"excerpt":{"rendered":"<p>Novela en im\u00e1genesPersonajes principales Johann Neisser Fabi\u00e1n En\u00e9riz Olague Erich Marcks Albert Kramer Gerhard Dietrich Walther Henke Parque mov\u00edl Citro\u00ebn 11 Hanomag Panzergeist Renault 8 TS Opel Blitz Uboot 154 Personajes hist\u00f3ricos: Albert Speer Ernst Kaltenbrunner Liberto en el siglo I Hans Kammler Heinrich Schuch Rosa blanca Gladiadores Tito Flavio Vespasiano Vespasiano Werner Karl Heisenberg [&hellip;]<\/p>\n","protected":false},"author":1,"featured_media":0,"parent":0,"menu_order":0,"comment_status":"closed","ping_status":"closed","template":"","meta":{"_et_pb_use_builder":"on","_et_pb_old_content":"","_et_gb_content_width":"","footnotes":""},"class_list":["post-238757","page","type-page","status-publish","hentry"],"_links":{"self":[{"href":"https:\/\/experimentopanzergeist.es\/es\/wp-json\/wp\/v2\/pages\/238757","targetHints":{"allow":["GET"]}}],"collection":[{"href":"https:\/\/experimentopanzergeist.es\/es\/wp-json\/wp\/v2\/pages"}],"about":[{"href":"https:\/\/experimentopanzergeist.es\/es\/wp-json\/wp\/v2\/types\/page"}],"author":[{"embeddable":true,"href":"https:\/\/experimentopanzergeist.es\/es\/wp-json\/wp\/v2\/users\/1"}],"replies":[{"embeddable":true,"href":"https:\/\/experimentopanzergeist.es\/es\/wp-json\/wp\/v2\/comments?post=238757"}],"version-history":[{"count":62,"href":"https:\/\/experimentopanzergeist.es\/es\/wp-json\/wp\/v2\/pages\/238757\/revisions"}],"predecessor-version":[{"id":243097,"href":"https:\/\/experimentopanzergeist.es\/es\/wp-json\/wp\/v2\/pages\/238757\/revisions\/243097"}],"wp:attachment":[{"href":"https:\/\/experimentopanzergeist.es\/es\/wp-json\/wp\/v2\/media?parent=238757"}],"curies":[{"name":"wp","href":"https:\/\/api.w.org\/{rel}","templated":true}]}}