{"id":238875,"date":"2025-04-26T10:16:16","date_gmt":"2025-04-26T10:16:16","guid":{"rendered":"https:\/\/experimentopanzergeist.es\/?page_id=238875"},"modified":"2026-03-16T00:12:41","modified_gmt":"2026-03-16T00:12:41","slug":"shake-some-action","status":"publish","type":"page","link":"https:\/\/experimentopanzergeist.es\/es\/shake-some-action\/","title":{"rendered":"Shake Some Action"},"content":{"rendered":"<p>[et_pb_section fb_built=\u00bb1&#8243; custom_padding_last_edited=\u00bbon|phone\u00bb admin_label=\u00bbHeader\u00bb _builder_version=\u00bb4.27.4&#8243; background_image=\u00bbhttps:\/\/experimentopanzergeist.es\/wp-content\/uploads\/\/2025\/04\/d6f1945f-5192-47a5-b26d-94a24f9ecc37.png\u00bb background_position=\u00bbtop_center\u00bb background_vertical_offset=\u00bb33%\u00bb custom_padding=\u00bb100px||0vw|||\u00bb custom_padding_tablet=\u00bb40px|||\u00bb custom_padding_phone=\u00bb0px|||\u00bb locked=\u00bboff\u00bb global_colors_info=\u00bb{}\u00bb][et_pb_row _builder_version=\u00bb4.16&#8243; global_colors_info=\u00bb{}\u00bb][et_pb_column type=\u00bb4_4&#8243; _builder_version=\u00bb4.16&#8243; global_colors_info=\u00bb{}\u00bb][et_pb_text _builder_version=\u00bb4.27.6&#8243; text_font=\u00bb||||||||\u00bb header_font=\u00bbAbril Fatface||||||||\u00bb header_font_size=\u00bb80px\u00bb header_line_height=\u00bb0.9em\u00bb header_2_font=\u00bbAbril Fatface||||||||\u00bb header_2_font_size=\u00bb56px\u00bb header_2_line_height=\u00bb1.1em\u00bb background_layout=\u00bbdark\u00bb hover_enabled=\u00bb0&#8243; header_font_size_tablet=\u00bb54px\u00bb header_font_size_phone=\u00bb34px\u00bb header_font_size_last_edited=\u00bboff|tablet\u00bb header_2_font_size_tablet=\u00bb36px\u00bb header_2_font_size_phone=\u00bb24px\u00bb header_2_font_size_last_edited=\u00bbon|phone\u00bb locked=\u00bboff\u00bb global_colors_info=\u00bb{}\u00bb sticky_enabled=\u00bb0&#8243;]<\/p>\n<h1>Shake Some Action<\/h1>\n<p>[\/et_pb_text][\/et_pb_column][\/et_pb_row][et_pb_row _builder_version=\u00bb4.16&#8243; width=\u00bb100%\u00bb max_width=\u00bb100%\u00bb custom_padding=\u00bb0px||0px|||\u00bb global_colors_info=\u00bb{}\u00bb][et_pb_column type=\u00bb4_4&#8243; _builder_version=\u00bb4.16&#8243; custom_padding=\u00bb|||\u00bb global_colors_info=\u00bb{}\u00bb custom_padding__hover=\u00bb|||\u00bb][et_pb_image src=\u00bbhttps:\/\/experimentopanzergeist.es\/wp-content\/uploads\/\/2020\/01\/food-bank_57.png\u00bb align=\u00bbright\u00bb align_tablet=\u00bbcenter\u00bb align_phone=\u00bb\u00bb align_last_edited=\u00bbon|desktop\u00bb _builder_version=\u00bb4.16&#8243; global_colors_info=\u00bb{}\u00bb][\/et_pb_image][\/et_pb_column][\/et_pb_row][\/et_pb_section][et_pb_section fb_built=\u00bb1&#8243; admin_label=\u00bbAbout\u00bb _builder_version=\u00bb4.16&#8243; custom_padding=\u00bb||11px|||\u00bb locked=\u00bboff\u00bb global_colors_info=\u00bb{}\u00bb][et_pb_row column_structure=\u00bb3_5,2_5&#8243; _builder_version=\u00bb4.27.4&#8243; width=\u00bb77.8%\u00bb custom_padding=\u00bb||12px|||\u00bb locked=\u00bboff\u00bb global_colors_info=\u00bb{}\u00bb][et_pb_column type=\u00bb3_5&#8243; _builder_version=\u00bb4.16&#8243; global_colors_info=\u00bb{}\u00bb][et_pb_text _builder_version=\u00bb4.27.4&#8243; text_font=\u00bb||||||||\u00bb text_font_size=\u00bb20px\u00bb header_font=\u00bb||||||||\u00bb header_2_font=\u00bbLora|700|||||||\u00bb header_2_font_size=\u00bb60px\u00bb header_2_line_height=\u00bb1.2em\u00bb module_alignment=\u00bbleft\u00bb text_font_size_tablet=\u00bb\u00bb text_font_size_phone=\u00bb16px\u00bb text_font_size_last_edited=\u00bbon|desktop\u00bb header_2_font_size_tablet=\u00bb48px\u00bb header_2_font_size_phone=\u00bb32px\u00bb header_2_font_size_last_edited=\u00bbon|tablet\u00bb global_colors_info=\u00bb{}\u00bb]<\/p>\n<h2>Shake Some Action: El renacer mel\u00f3dico del rock<\/h2>\n<p>\u00a0 \u00a0 \u00a0 \u00a0 \u00a0 Shake Some Action fue compuesta a mediados de los a\u00f1os 70 por Cyril Jordan y Chris Wilson, miembros de la banda estadounidense Flamin\u2019 Groovies. En una \u00e9poca dominada por el glam rock y los primeros pasos del punk, el grupo eligi\u00f3 deliberadamente inspirarse en el sonido cl\u00e1sico de los a\u00f1os 60, tomando como referencia a The Beatles, The Byrds y The Rolling Stones.<\/p>\n<p>\u00a0 \u00a0 \u00a0 \u00a0 \u00a0 Grabada en Londres y publicada en 1976, la canci\u00f3n dio nombre al \u00e1lbum Shake Some Action, marcando un giro decisivo en la trayectoria del grupo hacia un estilo m\u00e1s mel\u00f3dico y atemporal.<\/p>\n<p>\u00a0 \u00a0 \u00a0 \u00a0 \u00a0 Musicalmente, \u201cShake Some Action\u201d fusiona la energ\u00eda juvenil del rock con melod\u00edas cuidadas, armon\u00edas vocales y guitarras brillantes: elementos esenciales del movimiento que m\u00e1s tarde se conocer\u00eda como power pop.<\/p>\n<p>\u00a0 \u00a0 \u00a0 \u00a0 \u00a0 Con su ritmo vital, estructura accesible y tono nost\u00e1lgico pero vibrante, la canci\u00f3n captura la esencia de la juventud: un impulso de movimiento, cambio y b\u00fasqueda de libertad. Se aleja de las complejidades del rock progresivo para centrarse en la inmediatez emocional y musical.<\/p>\n<p>\u00a0 \u00a0 \u00a0 \u00a0 \u00a0 Aunque no alcanz\u00f3 grandes posiciones en las listas comerciales en su momento, Shake Some Action se ha convertido con los a\u00f1os en una canci\u00f3n de culto dentro de la historia del rock. Hoy es considerada un pilar del power pop cl\u00e1sico y una referencia directa para generaciones posteriores de m\u00fasicos alternativos.<\/p>\n<p>\u00a0 \u00a0 \u00a0 \u00a0 \u00a0 Su influencia es reconocida en bandas como The Replacements, Teenage Fanclub y en buena parte de la escena indie rock de finales del siglo XX. Sigue reedit\u00e1ndose en recopilaciones y aparece con frecuencia en listas de las mejores canciones olvidadas o de culto del rock.<\/p>\n<h3><strong>Legado musical en la actualidad<\/strong><\/h3>\n<p>\u00a0 \u00a0 \u00a0 \u00a0 \u00a0 Shake Some Action tambi\u00e9n ha sido incluida en varias bandas sonoras de pel\u00edculas y series, lo que ha reforzado su estatus como tema de culto con el paso de los a\u00f1os. Destaca especialmente su aparici\u00f3n en la pel\u00edcula Clueless (1995), comedia ic\u00f3nica de los a\u00f1os 90, donde forma parte de la banda sonora original. Esta inclusi\u00f3n renov\u00f3 el inter\u00e9s por Flamin&#8217; Groovies en una nueva generaci\u00f3n de oyentes. Adem\u00e1s, la canci\u00f3n fue versionada por la banda Cracker para esa misma pel\u00edcula, ofreciendo una interpretaci\u00f3n alternativa que tambi\u00e9n alcanz\u00f3 notoriedad.<\/p>\n<p>[\/et_pb_text][\/et_pb_column][et_pb_column type=\u00bb2_5&#8243; _builder_version=\u00bb4.16&#8243; background_enable_color=\u00bboff\u00bb global_colors_info=\u00bb{}\u00bb][et_pb_image src=\u00bbhttps:\/\/experimentopanzergeist.es\/wp-content\/uploads\/\/2025\/05\/40868e6f-f460-4200-9da9-8a4c1b0ffd4e.png\u00bb title_text=\u00bb40868e6f-f460-4200-9da9-8a4c1b0ffd4e\u00bb _builder_version=\u00bb4.27.4&#8243; _module_preset=\u00bbdefault\u00bb custom_margin=\u00bb||-1px|||\u00bb border_radii=\u00bboff|10px|10px||\u00bb locked=\u00bboff\u00bb global_colors_info=\u00bb{}\u00bb][\/et_pb_image][et_pb_text _builder_version=\u00bb4.27.4&#8243; text_font=\u00bb||||||||\u00bb text_font_size=\u00bb20px\u00bb header_font=\u00bb||||||||\u00bb header_2_font=\u00bbLora|700|||||||\u00bb header_2_font_size=\u00bb50px\u00bb header_2_line_height=\u00bb1.2em\u00bb background_color=\u00bb#011C40&#8243; background_enable_image=\u00bboff\u00bb background_layout=\u00bbdark\u00bb module_alignment=\u00bbleft\u00bb custom_margin=\u00bb-5px|||||\u00bb text_font_size_tablet=\u00bb\u00bb text_font_size_phone=\u00bb16px\u00bb text_font_size_last_edited=\u00bbon|desktop\u00bb header_2_font_size_tablet=\u00bb\u00bb header_2_font_size_phone=\u00bb32px\u00bb header_2_font_size_last_edited=\u00bbon|desktop\u00bb border_radii=\u00bboff|||10px|10px\u00bb border_width_all=\u00bb10px\u00bb border_color_all=\u00bb#011C40&#8243; locked=\u00bboff\u00bb global_colors_info=\u00bb{}\u00bb]<\/p>\n<h2>Torre Annunziata<\/h2>\n<h3><strong>Prol\u00f3go<\/strong><\/h3>\n<p>&#8230;Nada m\u00e1s escucharse los primeros compases de <em>\u00abShake some action\u00bb<\/em>, vio c\u00f3mo por la ventana de su izquierda se acercaba un ni\u00f1o de no m\u00e1s de ocho a\u00f1os. En su mano zurda sujetaba un horripilante trapo sucio y goteante; en la diestra y bien apretado, medio bollo de crema que ya hab\u00eda diseminado generosamente parte de su relleno sobre la cara y el pelo de la criatura, dej\u00e1ndoselo de punta&#8230;<\/p>\n<p>[\/et_pb_text][et_pb_audio audio=\u00bbhttps:\/\/experimentopanzergeist.es\/wp-content\/uploads\/\/2025\/05\/shake.mp3&#8243; title=\u00bbShake Some Action\u00bb _builder_version=\u00bb4.27.6&#8243; _module_preset=\u00bbdefault\u00bb background_enable_color=\u00bboff\u00bb background_image=\u00bbhttps:\/\/experimentopanzergeist.es\/wp-content\/uploads\/\/2025\/05\/d199bd5a-962b-41a7-ab12-1e6fdeaa6065.png\u00bb background_size=\u00bbcontain\u00bb background_position=\u00bbtop_center\u00bb background_vertical_offset=\u00bb22%\u00bb width=\u00bb100%\u00bb max_width=\u00bb100%\u00bb min_height=\u00bb0px\u00bb height=\u00bb400px\u00bb max_height=\u00bb1000px\u00bb custom_margin=\u00bb||||false|false\u00bb custom_padding=\u00bb100px||||false|false\u00bb hover_enabled=\u00bb0&#8243; border_radii=\u00bbon|10px|10px|10px|10px\u00bb border_color_all_image=\u00bb#D93611&#8243; locked=\u00bboff\u00bb global_colors_info=\u00bb{}\u00bb sticky_enabled=\u00bb0&#8243; title_font_size=\u00bb22px\u00bb][\/et_pb_audio][et_pb_text _builder_version=\u00bb4.27.4&#8243; text_font=\u00bb||||||||\u00bb text_font_size=\u00bb20px\u00bb header_font=\u00bb||||||||\u00bb header_2_font=\u00bbLora|700|||||||\u00bb header_2_font_size=\u00bb50px\u00bb header_2_line_height=\u00bb1.2em\u00bb module_alignment=\u00bbleft\u00bb text_font_size_tablet=\u00bb\u00bb text_font_size_phone=\u00bb16px\u00bb text_font_size_last_edited=\u00bbon|desktop\u00bb header_2_font_size_tablet=\u00bb\u00bb header_2_font_size_phone=\u00bb32px\u00bb header_2_font_size_last_edited=\u00bbon|desktop\u00bb locked=\u00bboff\u00bb global_colors_info=\u00bb{}\u00bb]<\/p>\n<h2>\u00bfSab\u00edas que&#8230;?<\/h2>\n<p>\ud83d\udd39 En 1976, mientras grababan <em>Shake Some Action<\/em>, Jordan y Wilson se propusieron rescatar el sonido mel\u00f3dico ingl\u00e9s de los a\u00f1os 60 inspirado en Beatles, Byrds y Kinks. Cre\u00edan que en EE.\u202fUU. ese estilo hab\u00eda desaparecido arrasado por el glam, el heavy metal emergente y el punk naciente. Para recrearlo con fidelidad, se instalaron en Londres y trabajaron durante meses con el productor Dave Edmunds.<\/p>\n<p>[\/et_pb_text][\/et_pb_column][\/et_pb_row][et_pb_row column_structure=\u00bb1_3,1_3,1_3&#8243; _builder_version=\u00bb4.27.4&#8243; _module_preset=\u00bbdefault\u00bb custom_padding=\u00bb9px||3px|||\u00bb locked=\u00bboff\u00bb global_colors_info=\u00bb{}\u00bb][et_pb_column type=\u00bb1_3&#8243; _builder_version=\u00bb4.27.4&#8243; _module_preset=\u00bbdefault\u00bb global_colors_info=\u00bb{}\u00bb][et_pb_button button_url=\u00bbhttps:\/\/experimentopanzergeist.es\/es\/lili-marleen\/\u00bb button_text=\u00bbP\u00e1gina anterior\u00bb _builder_version=\u00bb4.27.4&#8243; _module_preset=\u00bbdefault\u00bb custom_button=\u00bbon\u00bb button_text_color=\u00bb#FFFFFF\u00bb button_bg_color=\u00bb#011C40&#8243; button_bg_image=\u00bbhttps:\/\/experimentopanzergeist.es\/wp-content\/uploads\/\/2025\/11\/boton-bustos.png\u00bb button_border_width=\u00bb1px\u00bb button_border_color=\u00bb#011C40&#8243; button_border_radius=\u00bb10px\u00bb box_shadow_style=\u00bbpreset4&#8243; box_shadow_horizontal=\u00bb5px\u00bb box_shadow_vertical=\u00bb5px\u00bb box_shadow_color=\u00bbrgba(0,29,73,0.75)\u00bb locked=\u00bboff\u00bb global_colors_info=\u00bb{}\u00bb][\/et_pb_button][\/et_pb_column][et_pb_column type=\u00bb1_3&#8243; _builder_version=\u00bb4.27.4&#8243; _module_preset=\u00bbdefault\u00bb global_colors_info=\u00bb{}\u00bb][\/et_pb_column][et_pb_column type=\u00bb1_3&#8243; _builder_version=\u00bb4.27.4&#8243; _module_preset=\u00bbdefault\u00bb global_colors_info=\u00bb{}\u00bb][et_pb_button button_url=\u00bbhttps:\/\/experimentopanzergeist.es\/es\/novela-en-imagenes\/\u00bb button_text=\u00bbNovela en im\u00e1genes\u00bb button_alignment=\u00bbright\u00bb _builder_version=\u00bb4.27.4&#8243; _module_preset=\u00bbdefault\u00bb custom_button=\u00bbon\u00bb button_text_color=\u00bb#FFFFFF\u00bb button_bg_color=\u00bb#011C40&#8243; button_bg_image=\u00bbhttps:\/\/experimentopanzergeist.es\/wp-content\/uploads\/\/2025\/11\/boton-bustos.png\u00bb button_border_width=\u00bb1px\u00bb button_border_color=\u00bb#011C40&#8243; button_border_radius=\u00bb10px\u00bb box_shadow_style=\u00bbpreset4&#8243; box_shadow_horizontal=\u00bb5px\u00bb box_shadow_vertical=\u00bb5px\u00bb box_shadow_color=\u00bbrgba(0,29,73,0.75)\u00bb locked=\u00bboff\u00bb global_colors_info=\u00bb{}\u00bb][\/et_pb_button][\/et_pb_column][\/et_pb_row][\/et_pb_section][et_pb_section fb_built=\u00bb1&#8243; fullwidth=\u00bbon\u00bb _builder_version=\u00bb4.16&#8243; locked=\u00bboff\u00bb global_colors_info=\u00bb{}\u00bb][et_pb_fullwidth_image src=\u00bbhttps:\/\/experimentopanzergeist.es\/wp-content\/uploads\/\/2020\/01\/food-bank_56.png\u00bb _builder_version=\u00bb4.16&#8243; global_colors_info=\u00bb{}\u00bb][\/et_pb_fullwidth_image][\/et_pb_section]<\/p>\n","protected":false},"excerpt":{"rendered":"<p>Una canci\u00f3n de culto que redibuj\u00f3 el rock cl\u00e1sico con armon\u00edas brillantes y esp\u00edritu juvenil. Shake Some Action cruz\u00f3 d\u00e9cadas, estilos y pantallas.<\/p>\n","protected":false},"author":1,"featured_media":0,"parent":0,"menu_order":0,"comment_status":"closed","ping_status":"closed","template":"","meta":{"_et_pb_use_builder":"on","_et_pb_old_content":"","_et_gb_content_width":"","footnotes":""},"class_list":["post-238875","page","type-page","status-publish","hentry"],"_links":{"self":[{"href":"https:\/\/experimentopanzergeist.es\/es\/wp-json\/wp\/v2\/pages\/238875","targetHints":{"allow":["GET"]}}],"collection":[{"href":"https:\/\/experimentopanzergeist.es\/es\/wp-json\/wp\/v2\/pages"}],"about":[{"href":"https:\/\/experimentopanzergeist.es\/es\/wp-json\/wp\/v2\/types\/page"}],"author":[{"embeddable":true,"href":"https:\/\/experimentopanzergeist.es\/es\/wp-json\/wp\/v2\/users\/1"}],"replies":[{"embeddable":true,"href":"https:\/\/experimentopanzergeist.es\/es\/wp-json\/wp\/v2\/comments?post=238875"}],"version-history":[{"count":27,"href":"https:\/\/experimentopanzergeist.es\/es\/wp-json\/wp\/v2\/pages\/238875\/revisions"}],"predecessor-version":[{"id":243174,"href":"https:\/\/experimentopanzergeist.es\/es\/wp-json\/wp\/v2\/pages\/238875\/revisions\/243174"}],"wp:attachment":[{"href":"https:\/\/experimentopanzergeist.es\/es\/wp-json\/wp\/v2\/media?parent=238875"}],"curies":[{"name":"wp","href":"https:\/\/api.w.org\/{rel}","templated":true}]}}