{"id":39,"date":"2018-01-22T17:29:07","date_gmt":"2018-01-22T17:29:07","guid":{"rendered":"https:\/\/experimentopanzergeist.es\/?page_id=39"},"modified":"2026-03-15T09:03:08","modified_gmt":"2026-03-15T09:03:08","slug":"contacto","status":"publish","type":"page","link":"https:\/\/experimentopanzergeist.es\/es\/contacto\/","title":{"rendered":"Contacto"},"content":{"rendered":"<p>[et_pb_section fb_built=\u00bb1&#8243; custom_padding_last_edited=\u00bbon|phone\u00bb admin_label=\u00bbHeader\u00bb _builder_version=\u00bb4.27.6&#8243; background_image=\u00bbhttps:\/\/experimentopanzergeist.es\/wp-content\/uploads\/\/2026\/03\/contacto-web.png\u00bb background_position=\u00bbbottom_center\u00bb background_vertical_offset=\u00bb29%\u00bb custom_padding=\u00bb100px||0vw|||\u00bb custom_padding_tablet=\u00bb40px|||\u00bb custom_padding_phone=\u00bb0px|||\u00bb locked=\u00bboff\u00bb global_colors_info=\u00bb{}\u00bb][et_pb_row _builder_version=\u00bb4.16&#8243; global_colors_info=\u00bb{}\u00bb][et_pb_column type=\u00bb4_4&#8243; _builder_version=\u00bb4.16&#8243; global_colors_info=\u00bb{}\u00bb][et_pb_text _builder_version=\u00bb4.27.6&#8243; header_font=\u00bbAbril Fatface||||||||\u00bb header_font_size=\u00bb80px\u00bb header_line_height=\u00bb0.9em\u00bb header_font_size_tablet=\u00bb54px\u00bb header_font_size_phone=\u00bb34px\u00bb header_font_size_last_edited=\u00bbon|phone\u00bb locked=\u00bboff\u00bb global_colors_info=\u00bb{}\u00bb]<\/p>\n<h1><span style=\"color: #ffffff;\">Contacto profesional<\/span><\/h1>\n<p>[\/et_pb_text][\/et_pb_column][\/et_pb_row][et_pb_row _builder_version=\u00bb4.16&#8243; width=\u00bb100%\u00bb max_width=\u00bb100%\u00bb custom_padding=\u00bb0px||0px|||\u00bb global_colors_info=\u00bb{}\u00bb][et_pb_column type=\u00bb4_4&#8243; _builder_version=\u00bb4.16&#8243; custom_padding=\u00bb|||\u00bb global_colors_info=\u00bb{}\u00bb custom_padding__hover=\u00bb|||\u00bb][et_pb_image src=\u00bbhttps:\/\/experimentopanzergeist.es\/wp-content\/uploads\/\/2020\/01\/food-bank_57.png\u00bb align=\u00bbright\u00bb align_tablet=\u00bbcenter\u00bb align_phone=\u00bb\u00bb align_last_edited=\u00bbon|desktop\u00bb _builder_version=\u00bb4.16&#8243; custom_margin=\u00bb||-14px|||\u00bb global_colors_info=\u00bb{}\u00bb][\/et_pb_image][\/et_pb_column][\/et_pb_row][\/et_pb_section][et_pb_section fb_built=\u00bb1&#8243; admin_label=\u00bbContact Form Section\u00bb _builder_version=\u00bb4.16&#8243; custom_padding=\u00bb0px||0px||true|false\u00bb animation_direction=\u00bbbottom\u00bb saved_tabs=\u00bball\u00bb global_colors_info=\u00bb{}\u00bb][et_pb_row admin_label=\u00bbService Section Title\u00bb _builder_version=\u00bb4.16&#8243; custom_margin=\u00bb|auto|-2px|auto||\u00bb custom_padding=\u00bb27px|0|43px|0|false|false\u00bb animation_style=\u00bbfade\u00bb animation_direction=\u00bbtop\u00bb locked=\u00bboff\u00bb global_colors_info=\u00bb{}\u00bb][et_pb_column type=\u00bb4_4&#8243; _builder_version=\u00bb4.16&#8243; custom_padding=\u00bb|||\u00bb global_colors_info=\u00bb{}\u00bb custom_padding__hover=\u00bb|||\u00bb][et_pb_divider show_divider=\u00bboff\u00bb _builder_version=\u00bb4.16&#8243; global_colors_info=\u00bb{}\u00bb][\/et_pb_divider][et_pb_text _builder_version=\u00bb4.27.6&#8243; text_font=\u00bb||||||||\u00bb text_line_height=\u00bb2.2em\u00bb hover_enabled=\u00bb0&#8243; global_colors_info=\u00bb{}\u00bb sticky_enabled=\u00bb0&#8243;]<\/p>\n<p><strong>Esta p\u00e1gina est\u00e1 destinada exclusivamente a productores, agentes, profesionales del sector audiovisual o representantes institucionales interesados en el proyecto.<\/strong><\/p>\n<p>Si deseas contactar en relaci\u00f3n con adaptaciones, colaboraciones, producci\u00f3n o difusi\u00f3n del universo Panzergeist, puedes hacerlo \u00e0 traves del siguiente formulario.<\/p>\n<p>Tambi\u00e9n estaremos encantados de escuchar propuestas serias que aporten valor al proyecto.<\/p>\n<p>[\/et_pb_text][et_pb_contact_form email=\u00bbcontacto@experimentopanzergeist.es\u00bb custom_message=\u00bbNombre : %%Name%%||et_pb_line_break_holder||Direcci\u00f3n de correo electr\u00f3nico : %%Email%%||et_pb_line_break_holder||||et_pb_line_break_holder||%%Message%%||et_pb_line_break_holder||\u00bb _builder_version=\u00bb4.27.6&#8243; _module_preset=\u00bbdefault\u00bb _unique_id=\u00bbb6b0293f-615c-4a98-96ba-4ce849316c73&#8243; form_field_background_color=\u00bb#f9f9f9&#8243; custom_button=\u00bbon\u00bb button_text_color=\u00bb#ffffff\u00bb button_bg_image=\u00bbhttps:\/\/experimentopanzergeist.es\/wp-content\/uploads\/\/2025\/11\/boton-bustos.png\u00bb button_border_color=\u00bb#011C40&#8243; button_border_radius=\u00bb10px\u00bb button_icon_color=\u00bb#ffffff\u00bb dbdb_send_confirmation_email=\u00bbon\u00bb dbdb_confirmation_subject=\u00bbConfirmaci\u00f3n de mensaje &#8211; Experimento Panzergeist\u00bb dbdb_confirmation_content=\u00bb<\/p>\n<p>Gracias por su mensaje. Le responderemos lo antes posible.<\/p>\n<p>https:\/\/experimentopanzergeist.com<\/p>\n<p>\u00bb border_radii=\u00bbon|4px|4px|4px|4px\u00bb border_width_all=\u00bb1px\u00bb border_color_all=\u00bbrgba(13,13,13,0.16)\u00bb box_shadow_style_button=\u00bbpreset4&#8243; box_shadow_horizontal_button=\u00bb5px\u00bb box_shadow_vertical_button=\u00bb5px\u00bb box_shadow_color_button=\u00bbrgba(0,29,73,0.75)\u00bb global_colors_info=\u00bb{}\u00bb][et_pb_contact_field field_id=\u00bbName\u00bb field_title=\u00bbNombre completo\u00bb _builder_version=\u00bb4.27.4&#8243; global_colors_info=\u00bb{}\u00bb button_text_size__hover_enabled=\u00bboff\u00bb button_one_text_size__hover_enabled=\u00bboff\u00bb button_two_text_size__hover_enabled=\u00bboff\u00bb button_text_color__hover_enabled=\u00bboff\u00bb button_one_text_color__hover_enabled=\u00bboff\u00bb button_two_text_color__hover_enabled=\u00bboff\u00bb button_border_width__hover_enabled=\u00bboff\u00bb button_one_border_width__hover_enabled=\u00bboff\u00bb button_two_border_width__hover_enabled=\u00bboff\u00bb button_border_color__hover_enabled=\u00bboff\u00bb button_one_border_color__hover_enabled=\u00bboff\u00bb button_two_border_color__hover_enabled=\u00bboff\u00bb button_border_radius__hover_enabled=\u00bboff\u00bb button_one_border_radius__hover_enabled=\u00bboff\u00bb button_two_border_radius__hover_enabled=\u00bboff\u00bb button_letter_spacing__hover_enabled=\u00bboff\u00bb button_one_letter_spacing__hover_enabled=\u00bboff\u00bb button_two_letter_spacing__hover_enabled=\u00bboff\u00bb button_bg_color__hover_enabled=\u00bboff\u00bb button_one_bg_color__hover_enabled=\u00bboff\u00bb button_two_bg_color__hover_enabled=\u00bboff\u00bb][\/et_pb_contact_field][et_pb_contact_field field_id=\u00bbEmail\u00bb field_title=\u00bbDirecci\u00f3n de correo electr\u00f3nico\u00bb field_type=\u00bbemail\u00bb _builder_version=\u00bb4.27.4&#8243; global_colors_info=\u00bb{}\u00bb button_text_size__hover_enabled=\u00bboff\u00bb button_one_text_size__hover_enabled=\u00bboff\u00bb button_two_text_size__hover_enabled=\u00bboff\u00bb button_text_color__hover_enabled=\u00bboff\u00bb button_one_text_color__hover_enabled=\u00bboff\u00bb button_two_text_color__hover_enabled=\u00bboff\u00bb button_border_width__hover_enabled=\u00bboff\u00bb button_one_border_width__hover_enabled=\u00bboff\u00bb button_two_border_width__hover_enabled=\u00bboff\u00bb button_border_color__hover_enabled=\u00bboff\u00bb button_one_border_color__hover_enabled=\u00bboff\u00bb button_two_border_color__hover_enabled=\u00bboff\u00bb button_border_radius__hover_enabled=\u00bboff\u00bb button_one_border_radius__hover_enabled=\u00bboff\u00bb button_two_border_radius__hover_enabled=\u00bboff\u00bb button_letter_spacing__hover_enabled=\u00bboff\u00bb button_one_letter_spacing__hover_enabled=\u00bboff\u00bb button_two_letter_spacing__hover_enabled=\u00bboff\u00bb button_bg_color__hover_enabled=\u00bboff\u00bb button_one_bg_color__hover_enabled=\u00bboff\u00bb button_two_bg_color__hover_enabled=\u00bboff\u00bb][\/et_pb_contact_field][et_pb_contact_field field_id=\u00bbMessage\u00bb field_title=\u00bbMensaje\u00bb field_type=\u00bbtext\u00bb fullwidth_field=\u00bbon\u00bb _builder_version=\u00bb4.16&#8243; global_colors_info=\u00bb{}\u00bb button_text_size__hover_enabled=\u00bboff\u00bb button_one_text_size__hover_enabled=\u00bboff\u00bb button_two_text_size__hover_enabled=\u00bboff\u00bb button_text_color__hover_enabled=\u00bboff\u00bb button_one_text_color__hover_enabled=\u00bboff\u00bb button_two_text_color__hover_enabled=\u00bboff\u00bb button_border_width__hover_enabled=\u00bboff\u00bb button_one_border_width__hover_enabled=\u00bboff\u00bb button_two_border_width__hover_enabled=\u00bboff\u00bb button_border_color__hover_enabled=\u00bboff\u00bb button_one_border_color__hover_enabled=\u00bboff\u00bb button_two_border_color__hover_enabled=\u00bboff\u00bb button_border_radius__hover_enabled=\u00bboff\u00bb button_one_border_radius__hover_enabled=\u00bboff\u00bb button_two_border_radius__hover_enabled=\u00bboff\u00bb button_letter_spacing__hover_enabled=\u00bboff\u00bb button_one_letter_spacing__hover_enabled=\u00bboff\u00bb button_two_letter_spacing__hover_enabled=\u00bboff\u00bb button_bg_color__hover_enabled=\u00bboff\u00bb button_one_bg_color__hover_enabled=\u00bboff\u00bb button_two_bg_color__hover_enabled=\u00bboff\u00bb][\/et_pb_contact_field][et_pb_contact_field field_id=\u00bbTexto\u00bb field_title=\u00bbEscribe PANZERGEIST para enviar el mensaje\u00bb fullwidth_field=\u00bbon\u00bb _builder_version=\u00bb4.27.5&#8243; _module_preset=\u00bbdefault\u00bb global_colors_info=\u00bb{}\u00bb][\/et_pb_contact_field][\/et_pb_contact_form][\/et_pb_column][\/et_pb_row][\/et_pb_section][et_pb_section fb_built=\u00bb1&#8243; fullwidth=\u00bbon\u00bb _builder_version=\u00bb4.16&#8243; locked=\u00bboff\u00bb global_colors_info=\u00bb{}\u00bb][et_pb_fullwidth_image src=\u00bbhttps:\/\/experimentopanzergeist.es\/wp-content\/uploads\/\/2020\/01\/food-bank_56.png\u00bb _builder_version=\u00bb4.27.4&#8243; global_colors_info=\u00bb{}\u00bb][\/et_pb_fullwidth_image][\/et_pb_section]<\/p>\n","protected":false},"excerpt":{"rendered":"<p>Contacto profesionalEsta p\u00e1gina est\u00e1 destinada exclusivamente a productores, agentes, profesionales del sector audiovisual o representantes institucionales interesados en el proyecto. Si deseas contactar en relaci\u00f3n con adaptaciones, colaboraciones, producci\u00f3n o difusi\u00f3n del universo Panzergeist, puedes hacerlo \u00e0 traves del siguiente formulario. Tambi\u00e9n estaremos encantados de escuchar propuestas serias que aporten valor al proyecto.<\/p>\n","protected":false},"author":1,"featured_media":0,"parent":0,"menu_order":4,"comment_status":"closed","ping_status":"closed","template":"","meta":{"_et_pb_use_builder":"on","_et_pb_old_content":"","_et_gb_content_width":"","footnotes":""},"class_list":["post-39","page","type-page","status-publish","hentry"],"_links":{"self":[{"href":"https:\/\/experimentopanzergeist.es\/es\/wp-json\/wp\/v2\/pages\/39","targetHints":{"allow":["GET"]}}],"collection":[{"href":"https:\/\/experimentopanzergeist.es\/es\/wp-json\/wp\/v2\/pages"}],"about":[{"href":"https:\/\/experimentopanzergeist.es\/es\/wp-json\/wp\/v2\/types\/page"}],"author":[{"embeddable":true,"href":"https:\/\/experimentopanzergeist.es\/es\/wp-json\/wp\/v2\/users\/1"}],"replies":[{"embeddable":true,"href":"https:\/\/experimentopanzergeist.es\/es\/wp-json\/wp\/v2\/comments?post=39"}],"version-history":[{"count":53,"href":"https:\/\/experimentopanzergeist.es\/es\/wp-json\/wp\/v2\/pages\/39\/revisions"}],"predecessor-version":[{"id":243064,"href":"https:\/\/experimentopanzergeist.es\/es\/wp-json\/wp\/v2\/pages\/39\/revisions\/243064"}],"wp:attachment":[{"href":"https:\/\/experimentopanzergeist.es\/es\/wp-json\/wp\/v2\/media?parent=39"}],"curies":[{"name":"wp","href":"https:\/\/api.w.org\/{rel}","templated":true}]}}