{"id":222941,"date":"2019-11-15T15:27:52","date_gmt":"2019-11-15T15:27:52","guid":{"rendered":"https:\/\/experimentopanzergeist.es\/?page_id=222941"},"modified":"2026-04-13T22:53:24","modified_gmt":"2026-04-13T22:53:24","slug":"insignias","status":"publish","type":"page","link":"https:\/\/experimentopanzergeist.es\/fr\/insignias\/","title":{"rendered":"Insignes et M\u00e9dailles"},"content":{"rendered":"<p>[et_pb_section fb_built=\u00bb1&#8243; custom_padding_last_edited=\u00bbon|phone\u00bb admin_label=\u00bbHeader\u00bb _builder_version=\u00bb4.27.6&#8243; background_image=\u00bbhttps:\/\/experimentopanzergeist.es\/wp-content\/uploads\/\/2026\/03\/novela-accesorios.png\u00bb custom_padding=\u00bb100px||0vw|||\u00bb custom_padding_tablet=\u00bb40px|||\u00bb custom_padding_phone=\u00bb0px|||\u00bb locked=\u00bboff\u00bb global_colors_info=\u00bb{}\u00bb][et_pb_row _builder_version=\u00bb4.27.4&#8243; global_colors_info=\u00bb{}\u00bb][et_pb_column type=\u00bb4_4&#8243; _builder_version=\u00bb4.16&#8243; global_colors_info=\u00bb{}\u00bb][et_pb_text _builder_version=\u00bb4.27.6&#8243; text_font=\u00bb||||||||\u00bb header_font=\u00bbAbril Fatface||||||||\u00bb header_font_size=\u00bb80px\u00bb header_line_height=\u00bb0.9em\u00bb header_2_font=\u00bbAbril Fatface||||||||\u00bb header_2_font_size=\u00bb56px\u00bb header_2_line_height=\u00bb1.1em\u00bb background_layout=\u00bbdark\u00bb header_font_size_tablet=\u00bb54px\u00bb header_font_size_phone=\u00bb34px\u00bb header_font_size_last_edited=\u00bboff|tablet\u00bb header_2_font_size_tablet=\u00bb36px\u00bb header_2_font_size_phone=\u00bb24px\u00bb header_2_font_size_last_edited=\u00bbon|phone\u00bb locked=\u00bboff\u00bb global_colors_info=\u00bb{}\u00bb]<\/p>\n<h1>Insignias y Medallas<\/h1>\n<p>[\/et_pb_text][\/et_pb_column][\/et_pb_row][et_pb_row _builder_version=\u00bb4.16&#8243; width=\u00bb100%\u00bb max_width=\u00bb100%\u00bb custom_padding=\u00bb0px||0px|||\u00bb global_colors_info=\u00bb{}\u00bb][et_pb_column type=\u00bb4_4&#8243; _builder_version=\u00bb4.16&#8243; custom_padding=\u00bb|||\u00bb global_colors_info=\u00bb{}\u00bb custom_padding__hover=\u00bb|||\u00bb][et_pb_image src=\u00bbhttps:\/\/experimentopanzergeist.es\/wp-content\/uploads\/\/2020\/01\/food-bank_57.png\u00bb align=\u00bbright\u00bb align_tablet=\u00bbcenter\u00bb align_phone=\u00bb\u00bb align_last_edited=\u00bbon|desktop\u00bb _builder_version=\u00bb4.16&#8243; global_colors_info=\u00bb{}\u00bb][\/et_pb_image][\/et_pb_column][\/et_pb_row][\/et_pb_section][et_pb_section fb_built=\u00bb1&#8243; admin_label=\u00bbAbout\u00bb _builder_version=\u00bb4.16&#8243; custom_padding=\u00bb||15px|||\u00bb locked=\u00bboff\u00bb global_colors_info=\u00bb{}\u00bb][et_pb_row column_structure=\u00bb3_5,2_5&#8243; _builder_version=\u00bb4.27.4&#8243; width=\u00bb77.8%\u00bb custom_padding=\u00bb||8px|||\u00bb locked=\u00bboff\u00bb global_colors_info=\u00bb{}\u00bb][et_pb_column type=\u00bb3_5&#8243; _builder_version=\u00bb4.16&#8243; background_enable_color=\u00bboff\u00bb global_colors_info=\u00bb{}\u00bb][et_pb_text _builder_version=\u00bb4.27.6&#8243; text_font=\u00bb||||||||\u00bb text_font_size=\u00bb20px\u00bb header_font=\u00bb||||||||\u00bb header_2_font=\u00bbLora|700|||||||\u00bb header_2_font_size=\u00bb50px\u00bb header_2_line_height=\u00bb1.2em\u00bb module_alignment=\u00bbleft\u00bb text_font_size_tablet=\u00bb\u00bb text_font_size_phone=\u00bb16px\u00bb text_font_size_last_edited=\u00bbon|desktop\u00bb header_2_font_size_tablet=\u00bb\u00bb header_2_font_size_phone=\u00bb32px\u00bb header_2_font_size_last_edited=\u00bbon|desktop\u00bb locked=\u00bboff\u00bb global_colors_info=\u00bb{}\u00bb]<\/p>\n<h2>S\u00edmbolos de m\u00e9rito durante la guerra<\/h2>\n<p>\u00a0 \u00a0 \u00a0 \u00a0 \u00a0 Entre 1923 y 1939, el <a href=\"https:\/\/experimentopanzergeist.es\/es\/gestapo\/\">r\u00e9gimen nazi<\/a> instaur\u00f3 sus primeras condecoraciones dentro del partido, muchas de ellas lucidas por veteranos de la Gran Guerra. Ya en el poder, empez\u00f3 a premiar tambi\u00e9n la fidelidad civil y los logros deportivos, siempre con la esv\u00e1stica como s\u00edmbolo central.<\/p>\n<p>\u00a0 \u00a0 \u00a0 \u00a0 \u00a0 A partir de 1939, con el inicio de la Segunda Guerra Mundial, el sistema de condecoraciones se ampli\u00f3 de forma masiva y estrat\u00e9gica. La Cruz de Hierro \u2014en sus distintos grados\u2014 reapareci\u00f3 como s\u00edmbolo principal al valor en combate. A ella se sumaron la Cruz al M\u00e9rito de Guerra, las insignias por heridas, los distintivos por destrucci\u00f3n de carros, as\u00ed como medallas por campa\u00f1as concretas: Polonia, Francia, Rusia, \u00c1frica, o incluso por la intervenci\u00f3n alemana en la Guerra Civil Espa\u00f1ola.<\/p>\n<p>\u00a0 \u00a0 \u00a0 \u00a0 \u00a0 Tambi\u00e9n se entregaron condecoraciones por permanencia en unidades, pertenencia a divisiones consideradas de \u00e9lite como las Waffen-SS, o por a\u00f1os de servicio en la Wehrmacht. Algunas medallas eran dise\u00f1adas para categor\u00edas espec\u00edficas: submarinistas, paracaidistas, tripulaciones de tanques o miembros de la Luftwaffe. La creaci\u00f3n y regulaci\u00f3n de estas distinciones estaba centralizada en la Canciller\u00eda del F\u00fchrer, lo que aseguraba su coherencia simb\u00f3lica y reforzaba el culto a la figura de Hitler.<\/p>\n<p>\u00a0 \u00a0 \u00a0 \u00a0 \u00a0 Estas distinciones, tanto las militares como las civiles o pol\u00edticas, pod\u00edan lucirse juntas en los uniformes, generando una iconograf\u00eda abundante y jer\u00e1rquicamente codificada. M\u00e1s all\u00e1 del reconocimiento individual, formaban parte del sistema visual del r\u00e9gimen: proyectaban disciplina, m\u00e9rito, sacrificio y adhesi\u00f3n ideol\u00f3gica.<\/p>\n<p>\u00a0 \u00a0 \u00a0 \u00a0 \u00a0 Tras la ca\u00edda del r\u00e9gimen en 1945, todas las condecoraciones del Tercer Reich fueron prohibidas. En los a\u00f1os posteriores, tanto la Rep\u00fablica Federal como la RDA desarrollaron nuevos sistemas de reconocimiento, desvinculados de la simbolog\u00eda nacionalsocialista y adaptados a los marcos pol\u00edticos respectivos.alista y adaptados a los marcos pol\u00edticos respectivos.<\/p>\n<p>[\/et_pb_text][\/et_pb_column][et_pb_column type=\u00bb2_5&#8243; _builder_version=\u00bb4.16&#8243; _module_preset=\u00bbdefault\u00bb global_colors_info=\u00bb{}\u00bb][et_pb_text _builder_version=\u00bb4.27.4&#8243; text_font=\u00bb||||||||\u00bb text_font_size=\u00bb20px\u00bb header_font=\u00bb||||||||\u00bb header_2_font=\u00bbLora|700|||||||\u00bb header_2_font_size=\u00bb50px\u00bb header_2_line_height=\u00bb1.2em\u00bb background_color=\u00bb#011C40&#8243; background_layout=\u00bbdark\u00bb module_alignment=\u00bbleft\u00bb text_font_size_tablet=\u00bb\u00bb text_font_size_phone=\u00bb16px\u00bb text_font_size_last_edited=\u00bbon|desktop\u00bb header_2_font_size_tablet=\u00bb\u00bb header_2_font_size_phone=\u00bb32px\u00bb header_2_font_size_last_edited=\u00bbon|desktop\u00bb border_radii=\u00bbon|10px|10px|10px|10px\u00bb border_width_all=\u00bb10px\u00bb border_color_all=\u00bb#011C40&#8243; locked=\u00bboff\u00bb global_colors_info=\u00bb{}\u00bb]<\/p>\n<h2>Torre Annunziata<\/h2>\n<h3><strong>Pr\u00f3logo<\/strong><\/h3>\n<p>&#8230;varios distintivos de la werhmatch, as\u00ed como galones indicativos de rango&#8230;[\/et_pb_text][et_pb_text _builder_version=\u00bb4.27.4&#8243; text_font=\u00bb||||||||\u00bb text_font_size=\u00bb20px\u00bb header_font=\u00bb||||||||\u00bb header_2_font=\u00bbLora|700|||||||\u00bb header_2_font_size=\u00bb50px\u00bb header_2_line_height=\u00bb1.2em\u00bb module_alignment=\u00bbleft\u00bb text_font_size_tablet=\u00bb\u00bb text_font_size_phone=\u00bb16px\u00bb text_font_size_last_edited=\u00bbon|desktop\u00bb header_2_font_size_tablet=\u00bb\u00bb header_2_font_size_phone=\u00bb32px\u00bb header_2_font_size_last_edited=\u00bbon|desktop\u00bb locked=\u00bboff\u00bb global_colors_info=\u00bb{}\u00bb]<\/p>\n<h2>\u00bfSab\u00edas que&#8230;?<\/h2>\n<p>\ud83d\udd39La Medalla de Herido (Verwundetenabzeichen) se conced\u00eda a miembros del Reichswehr, la Wehrmacht, las SS y servicios auxiliares por heridas en combate o congelaciones, comunes en el frente ruso. Desde 1943, tambi\u00e9n se otorg\u00f3 a civiles heridos por bombardeos aliados. Pod\u00eda concederse retroactivamente a veteranos de la Primera Guerra Mundial a\u00fan en servicio bajo el <a href=\"https:\/\/experimentopanzergeist.es\/es\/gestapo\/\">r\u00e9gimen nazi<\/a>.<\/p>\n<p>\ud83d\udd39 Se entregaba en tres clases seg\u00fan la gravedad y n\u00famero de heridas: negra (una o dos), plateada (tres o cuatro), y dorada (cinco o m\u00e1s, o p\u00e9rdida de miembro, ceguera total, etc.).<\/p>\n<p>\ud83d\udd39 Hitler llevaba la Medalla de Herido de Primera Guerra Mundial en clase negra, tras haber resultado herido en 1916 por metralla. M\u00e1s tarde orden\u00f3 redise\u00f1ar la medalla con la esv\u00e1stica en el casco.<\/p>\n<p>\ud83d\udd39 A partir de 1943, ante los bombardeos aliados, la Medalla de Herido comenz\u00f3 a otorgarse tambi\u00e9n a civiles heridos, como miembros de la Luftschutz, personal ferroviario o socorristas. En casos extremos, se conced\u00eda p\u00f3stumamente, acompa\u00f1ada de un certificado entregado a la familia.<\/p>\n<p>[\/et_pb_text][\/et_pb_column][\/et_pb_row][\/et_pb_section][et_pb_section fb_built=\u00bb1&#8243; _builder_version=\u00bb4.27.4&#8243; _module_preset=\u00bbdefault\u00bb custom_padding=\u00bb9px||9px|||\u00bb global_colors_info=\u00bb{}\u00bb][et_pb_row _builder_version=\u00bb4.27.4&#8243; _module_preset=\u00bbdefault\u00bb global_colors_info=\u00bb{}\u00bb][et_pb_column type=\u00bb4_4&#8243; _builder_version=\u00bb4.27.4&#8243; _module_preset=\u00bbdefault\u00bb global_colors_info=\u00bb{}\u00bb][et_pb_gallery gallery_ids=\u00bb219310,219323,219314,219342&#8243; show_title_and_caption=\u00bboff\u00bb _builder_version=\u00bb4.27.6&#8243; hover_enabled=\u00bb0&#8243; dbdb_version=\u00bb5.1.1&#8243; dbdb_show_lightbox_title=\u00bboff\u00bb dbdb_show_lightbox_image_count=\u00bboff\u00bb locked=\u00bboff\u00bb global_colors_info=\u00bb{}\u00bb sticky_enabled=\u00bb0&#8243;][\/et_pb_gallery][\/et_pb_column][\/et_pb_row][et_pb_row column_structure=\u00bb1_3,1_3,1_3&#8243; _builder_version=\u00bb4.27.4&#8243; _module_preset=\u00bbdefault\u00bb custom_padding=\u00bb9px||3px|||\u00bb locked=\u00bboff\u00bb global_colors_info=\u00bb{}\u00bb][et_pb_column type=\u00bb1_3&#8243; _builder_version=\u00bb4.27.4&#8243; _module_preset=\u00bbdefault\u00bb global_colors_info=\u00bb{}\u00bb][et_pb_button button_url=\u00bbhttps:\/\/experimentopanzergeist.es\/es\/soldbuch\/\u00bb button_text=\u00bbP\u00e1gina anterior\u00bb _builder_version=\u00bb4.27.4&#8243; _module_preset=\u00bbdefault\u00bb custom_button=\u00bbon\u00bb button_text_color=\u00bb#FFFFFF\u00bb button_bg_color=\u00bb#011C40&#8243; button_bg_image=\u00bbhttps:\/\/experimentopanzergeist.es\/wp-content\/uploads\/\/2025\/11\/boton-bustos.png\u00bb button_border_width=\u00bb1px\u00bb button_border_color=\u00bb#011C40&#8243; button_border_radius=\u00bb10px\u00bb box_shadow_style=\u00bbpreset4&#8243; box_shadow_horizontal=\u00bb5px\u00bb box_shadow_vertical=\u00bb5px\u00bb box_shadow_color=\u00bbrgba(0,29,73,0.75)\u00bb locked=\u00bboff\u00bb global_colors_info=\u00bb{}\u00bb][\/et_pb_button][\/et_pb_column][et_pb_column type=\u00bb1_3&#8243; _builder_version=\u00bb4.27.4&#8243; _module_preset=\u00bbdefault\u00bb global_colors_info=\u00bb{}\u00bb][et_pb_button button_url=\u00bbhttps:\/\/experimentopanzergeist.es\/es\/novela-en-imagenes\/\u00bb button_text=\u00bbNovela en im\u00e1genes\u00bb button_alignment=\u00bbcenter\u00bb _builder_version=\u00bb4.27.4&#8243; _module_preset=\u00bbdefault\u00bb custom_button=\u00bbon\u00bb button_text_color=\u00bb#FFFFFF\u00bb button_bg_color=\u00bb#011C40&#8243; button_bg_image=\u00bbhttps:\/\/experimentopanzergeist.es\/wp-content\/uploads\/\/2025\/11\/boton-bustos.png\u00bb button_border_width=\u00bb1px\u00bb button_border_color=\u00bb#011C40&#8243; button_border_radius=\u00bb10px\u00bb box_shadow_style=\u00bbpreset4&#8243; box_shadow_horizontal=\u00bb5px\u00bb box_shadow_vertical=\u00bb5px\u00bb box_shadow_color=\u00bbrgba(0,29,73,0.75)\u00bb locked=\u00bboff\u00bb global_colors_info=\u00bb{}\u00bb][\/et_pb_button][\/et_pb_column][et_pb_column type=\u00bb1_3&#8243; _builder_version=\u00bb4.27.4&#8243; _module_preset=\u00bbdefault\u00bb global_colors_info=\u00bb{}\u00bb][et_pb_button button_url=\u00bbhttps:\/\/experimentopanzergeist.es\/es\/kennkarte\/\u00bb button_text=\u00bbP\u00e1gina  siguiente\u00bb button_alignment=\u00bbright\u00bb _builder_version=\u00bb4.27.4&#8243; _module_preset=\u00bbdefault\u00bb custom_button=\u00bbon\u00bb button_text_color=\u00bb#FFFFFF\u00bb button_bg_color=\u00bb#011C40&#8243; button_bg_image=\u00bbhttps:\/\/experimentopanzergeist.es\/wp-content\/uploads\/\/2025\/11\/boton-bustos.png\u00bb button_border_width=\u00bb1px\u00bb button_border_color=\u00bb#011C40&#8243; button_border_radius=\u00bb10px\u00bb box_shadow_style=\u00bbpreset4&#8243; box_shadow_horizontal=\u00bb5px\u00bb box_shadow_vertical=\u00bb5px\u00bb box_shadow_color=\u00bbrgba(0,29,73,0.75)\u00bb locked=\u00bboff\u00bb global_colors_info=\u00bb{}\u00bb][\/et_pb_button][\/et_pb_column][\/et_pb_row][\/et_pb_section][et_pb_section fb_built=\u00bb1&#8243; fullwidth=\u00bbon\u00bb _builder_version=\u00bb4.16&#8243; locked=\u00bboff\u00bb global_colors_info=\u00bb{}\u00bb][et_pb_fullwidth_image src=\u00bbhttps:\/\/experimentopanzergeist.es\/wp-content\/uploads\/\/2020\/01\/food-bank_56.png\u00bb _builder_version=\u00bb4.16&#8243; global_colors_info=\u00bb{}\u00bb][\/et_pb_fullwidth_image][\/et_pb_section]<\/p>\n","protected":false},"excerpt":{"rendered":"<p>Insignias y MedallasS\u00edmbolos de m\u00e9rito durante la guerra \u00a0 \u00a0 \u00a0 \u00a0 \u00a0 Entre 1923 y 1939, el r\u00e9gimen nazi instaur\u00f3 sus primeras condecoraciones dentro del partido, muchas de ellas lucidas por veteranos de la Gran Guerra. Ya en el poder, empez\u00f3 a premiar tambi\u00e9n la fidelidad civil y los logros deportivos, siempre con la [&hellip;]<\/p>\n","protected":false},"author":1,"featured_media":0,"parent":0,"menu_order":0,"comment_status":"closed","ping_status":"closed","template":"","meta":{"_et_pb_use_builder":"on","_et_pb_old_content":"","_et_gb_content_width":"","footnotes":""},"class_list":["post-222941","page","type-page","status-publish","hentry"],"_links":{"self":[{"href":"https:\/\/experimentopanzergeist.es\/fr\/wp-json\/wp\/v2\/pages\/222941","targetHints":{"allow":["GET"]}}],"collection":[{"href":"https:\/\/experimentopanzergeist.es\/fr\/wp-json\/wp\/v2\/pages"}],"about":[{"href":"https:\/\/experimentopanzergeist.es\/fr\/wp-json\/wp\/v2\/types\/page"}],"author":[{"embeddable":true,"href":"https:\/\/experimentopanzergeist.es\/fr\/wp-json\/wp\/v2\/users\/1"}],"replies":[{"embeddable":true,"href":"https:\/\/experimentopanzergeist.es\/fr\/wp-json\/wp\/v2\/comments?post=222941"}],"version-history":[{"count":28,"href":"https:\/\/experimentopanzergeist.es\/fr\/wp-json\/wp\/v2\/pages\/222941\/revisions"}],"predecessor-version":[{"id":243275,"href":"https:\/\/experimentopanzergeist.es\/fr\/wp-json\/wp\/v2\/pages\/222941\/revisions\/243275"}],"wp:attachment":[{"href":"https:\/\/experimentopanzergeist.es\/fr\/wp-json\/wp\/v2\/media?parent=222941"}],"curies":[{"name":"wp","href":"https:\/\/api.w.org\/{rel}","templated":true}]}}