{"id":222974,"date":"2019-11-16T06:51:46","date_gmt":"2019-11-16T06:51:46","guid":{"rendered":"https:\/\/experimentopanzergeist.es\/?page_id=222974"},"modified":"2026-04-13T22:34:56","modified_gmt":"2026-04-13T22:34:56","slug":"descifradora-enigma","status":"publish","type":"page","link":"https:\/\/experimentopanzergeist.es\/fr\/descifradora-enigma\/","title":{"rendered":"D\u00e9chiffreuse \u00abEnigma\u00bb"},"content":{"rendered":"<p>[et_pb_section fb_built=\u00bb1&#8243; custom_padding_last_edited=\u00bbon|phone\u00bb admin_label=\u00bbHeader\u00bb _builder_version=\u00bb4.27.6&#8243; background_image=\u00bbhttps:\/\/experimentopanzergeist.es\/wp-content\/uploads\/\/2025\/05\/enigma-voennaya-nemeckaya-6926.jpg\u00bb background_position=\u00bbtop_center\u00bb background_vertical_offset=\u00bb30%\u00bb custom_padding=\u00bb100px||0vw|||\u00bb custom_padding_tablet=\u00bb40px|||\u00bb custom_padding_phone=\u00bb0px|||\u00bb locked=\u00bboff\u00bb global_colors_info=\u00bb{}\u00bb][et_pb_row _builder_version=\u00bb4.16&#8243; global_colors_info=\u00bb{}\u00bb][et_pb_column type=\u00bb4_4&#8243; _builder_version=\u00bb4.16&#8243; global_colors_info=\u00bb{}\u00bb][et_pb_text _builder_version=\u00bb4.27.6&#8243; text_font=\u00bb||||||||\u00bb header_font=\u00bbAbril Fatface||||||||\u00bb header_font_size=\u00bb80px\u00bb header_line_height=\u00bb0.9em\u00bb header_2_font=\u00bbAbril Fatface||||||||\u00bb header_2_font_size=\u00bb56px\u00bb header_2_line_height=\u00bb1.1em\u00bb background_layout=\u00bbdark\u00bb header_font_size_tablet=\u00bb54px\u00bb header_font_size_phone=\u00bb34px\u00bb header_font_size_last_edited=\u00bboff|tablet\u00bb header_2_font_size_tablet=\u00bb36px\u00bb header_2_font_size_phone=\u00bb24px\u00bb header_2_font_size_last_edited=\u00bbon|phone\u00bb locked=\u00bboff\u00bb global_colors_info=\u00bb{}\u00bb]<\/p>\n<h1>La Descifradora \u00abEnigma\u00bb<\/h1>\n<p>[\/et_pb_text][\/et_pb_column][\/et_pb_row][et_pb_row _builder_version=\u00bb4.16&#8243; width=\u00bb100%\u00bb max_width=\u00bb100%\u00bb custom_padding=\u00bb0px||0px|||\u00bb global_colors_info=\u00bb{}\u00bb][et_pb_column type=\u00bb4_4&#8243; _builder_version=\u00bb4.16&#8243; custom_padding=\u00bb|||\u00bb global_colors_info=\u00bb{}\u00bb custom_padding__hover=\u00bb|||\u00bb][et_pb_image src=\u00bbhttps:\/\/experimentopanzergeist.es\/wp-content\/uploads\/\/2020\/01\/food-bank_57.png\u00bb align=\u00bbright\u00bb align_tablet=\u00bbcenter\u00bb align_phone=\u00bb\u00bb align_last_edited=\u00bbon|desktop\u00bb _builder_version=\u00bb4.16&#8243; global_colors_info=\u00bb{}\u00bb][\/et_pb_image][\/et_pb_column][\/et_pb_row][\/et_pb_section][et_pb_section fb_built=\u00bb1&#8243; admin_label=\u00bbAbout\u00bb _builder_version=\u00bb4.16&#8243; custom_padding=\u00bb||12px|||\u00bb locked=\u00bboff\u00bb global_colors_info=\u00bb{}\u00bb][et_pb_row column_structure=\u00bb3_5,2_5&#8243; _builder_version=\u00bb4.27.4&#8243; width=\u00bb77.8%\u00bb custom_padding=\u00bb||7px|||\u00bb locked=\u00bboff\u00bb global_colors_info=\u00bb{}\u00bb][et_pb_column type=\u00bb3_5&#8243; _builder_version=\u00bb4.16&#8243; global_colors_info=\u00bb{}\u00bb][et_pb_text _builder_version=\u00bb4.27.6&#8243; text_font=\u00bb||||||||\u00bb text_font_size=\u00bb20px\u00bb header_font=\u00bb||||||||\u00bb header_2_font=\u00bbLora|700|||||||\u00bb header_2_font_size=\u00bb60px\u00bb header_2_line_height=\u00bb1.2em\u00bb module_alignment=\u00bbleft\u00bb text_font_size_tablet=\u00bb\u00bb text_font_size_phone=\u00bb16px\u00bb text_font_size_last_edited=\u00bbon|desktop\u00bb header_2_font_size_tablet=\u00bb48px\u00bb header_2_font_size_phone=\u00bb32px\u00bb header_2_font_size_last_edited=\u00bbon|tablet\u00bb global_colors_info=\u00bb{}\u00bb]<\/p>\n<h2>El sistema de cifrado que sostuvo al aparato militar del Tercer Reich<\/h2>\n<p>\u00a0 \u00a0 \u00a0 \u00a0 \u00a0 Durante la Segunda Guerra Mundial, el ej\u00e9rcito alem\u00e1n utiliz\u00f3 una m\u00e1quina de cifrado llamada Enigma para proteger sus comunicaciones. Dise\u00f1ada originalmente por la empresa alemana Scherbius &amp; Ritter en 1918, fue adoptada por la <a href=\"https:\/\/experimentopanzergeist.es\/es\/u-boot-154\/\">marina alemana<\/a> en 1926 y r\u00e1pidamente se extendi\u00f3 a todas las ramas de las fuerzas armadas. Su facilidad de uso y aparente invulnerabilidad la convirtieron en un elemento clave del <a href=\"https:\/\/experimentopanzergeist.es\/es\/u-boot-154\/\">aparato militar nazi<\/a>.<\/p>\n<p>\u00a0 \u00a0 \u00a0 \u00a0 \u00a0 El funcionamiento de Enigma combinaba mecanismos el\u00e9ctricos y mec\u00e1nicos. Contaba con un teclado, un panel de luces y una serie de rotores intercambiables que permit\u00edan millones de combinaciones posibles. Cada vez que se pulsaba una tecla, los rotores se mov\u00edan, alterando el circuito y generando un cifrado distinto. Esta complejidad imped\u00eda que se repitieran patrones detectables, haciendo casi imposible descifrar un mensaje sin conocer la configuraci\u00f3n exacta del d\u00eda.<\/p>\n<p>\u00a0 \u00a0 \u00a0 \u00a0 \u00a0 El procedimiento era simple pero efectivo: los operadores recib\u00edan un libro mensual con las claves diarias. Cada mensaje deb\u00eda comenzar indicando la clave temporal usada para ese cifrado concreto. Esta se tecleaba dos veces, creyendo que duplicarla a\u00f1ad\u00eda seguridad. Parad\u00f3jicamente, este fue uno de los errores que permiti\u00f3 a los aliados empezar a romper el c\u00f3digo.<\/p>\n<p>\u00a0 \u00a0 \u00a0 \u00a0 \u00a0 Uno de los nombres fundamentales en esta tarea fue Joan Clarke, brillante criptoanalista brit\u00e1nica que trabaj\u00f3 en Bletchley Park junto a Alan Turing. Clarke desempe\u00f1\u00f3 un papel crucial en el descifrado del tr\u00e1fico naval cifrado por Enigma, especialmente el utilizado por los <a href=\"https:\/\/experimentopanzergeist.es\/es\/u-boot-154\/\">submarinos alemanes (U-boots)<\/a>. Su trabajo permiti\u00f3 anticipar ataques, desviar convoyes y salvar miles de vidas.<\/p>\n<p>\u00a0 \u00a0 \u00a0 \u00a0 \u00a0 Aunque Clarke fue condecorada en 1947 con la Orden del Imperio Brit\u00e1nico, su contribuci\u00f3n sigue siendo poco reconocida. Su historia recuerda no solo la importancia de la inteligencia en tiempos de guerra, sino tambi\u00e9n el talento muchas veces ignorado de mujeres que cambiaron el curso de la historia desde el anonimato.<\/p>\n<p>[\/et_pb_text][\/et_pb_column][et_pb_column type=\u00bb2_5&#8243; _builder_version=\u00bb4.16&#8243; background_enable_color=\u00bboff\u00bb global_colors_info=\u00bb{}\u00bb][et_pb_text _builder_version=\u00bb4.27.4&#8243; text_font=\u00bb||||||||\u00bb text_font_size=\u00bb20px\u00bb header_font=\u00bb||||||||\u00bb header_2_font=\u00bbLora|700|||||||\u00bb header_2_font_size=\u00bb50px\u00bb header_2_line_height=\u00bb1.2em\u00bb background_color=\u00bb#011C40&#8243; background_layout=\u00bbdark\u00bb module_alignment=\u00bbleft\u00bb text_font_size_tablet=\u00bb\u00bb text_font_size_phone=\u00bb16px\u00bb text_font_size_last_edited=\u00bbon|desktop\u00bb header_2_font_size_tablet=\u00bb\u00bb header_2_font_size_phone=\u00bb32px\u00bb header_2_font_size_last_edited=\u00bbon|desktop\u00bb border_radii=\u00bbon|10px|10px|10px|10px\u00bb border_width_all=\u00bb10px\u00bb border_color_all=\u00bb#011C40&#8243; locked=\u00bboff\u00bb global_colors_info=\u00bb{}\u00bb]<\/p>\n<h2>Cuartel general de la Gestapo<\/h2>\n<h3><strong>Cap\u00edtulo 1<\/strong><\/h3>\n<p>&#8230;\u2014Desde la captura del U-110, ya no podemos hacer transmisiones fiables. Los brit\u00e1nicos se hicieron con la descifradora Enigma, junto con sus c\u00f3digos y el manual de operaciones&#8230;<\/p>\n<p>[\/et_pb_text][et_pb_text _builder_version=\u00bb4.27.4&#8243; text_font=\u00bb||||||||\u00bb text_font_size=\u00bb20px\u00bb header_font=\u00bb||||||||\u00bb header_2_font=\u00bbLora|700|||||||\u00bb header_2_font_size=\u00bb50px\u00bb header_2_line_height=\u00bb1.2em\u00bb module_alignment=\u00bbleft\u00bb text_font_size_tablet=\u00bb\u00bb text_font_size_phone=\u00bb16px\u00bb text_font_size_last_edited=\u00bbon|desktop\u00bb header_2_font_size_tablet=\u00bb\u00bb header_2_font_size_phone=\u00bb32px\u00bb header_2_font_size_last_edited=\u00bbon|desktop\u00bb locked=\u00bboff\u00bb global_colors_info=\u00bb{}\u00bb]<\/p>\n<h2>\u00bfSab\u00edas que&#8230;?<\/h2>\n<p>\ud83d\udd39Antes del trabajo de los brit\u00e1nicos en Bletchley Park, fueron los cript\u00f3grafos polacos quienes, a trav\u00e9s de una combinaci\u00f3n de matem\u00e1ticas y espionaje, lograron reconstruir el funcionamiento de la Enigma en la d\u00e9cada de 1930. En 1939 compartieron sus hallazgos con los servicios franceses y brit\u00e1nicos, sentando as\u00ed las bases para su descifrado definitivo.[\/et_pb_text][et_pb_image src=\u00bbhttps:\/\/experimentopanzergeist.es\/wp-content\/uploads\/\/2020\/01\/food-bank_52.png\u00bb title_text=\u00bbfood-bank_52&#8243; url=\u00bbhttps:\/\/experimentopanzergeist.es\/wp-content\/uploads\/\/2020\/01\/JOAN-CLARKE.jpg\u00bb _builder_version=\u00bb4.27.4&#8243; background_image=\u00bbhttps:\/\/experimentopanzergeist.es\/wp-content\/uploads\/\/2020\/01\/JOAN-CLARKE.jpg\u00bb background_position=\u00bbtop_center\u00bb custom_margin=\u00bb||1px|||\u00bb custom_margin_tablet=\u00bb0px||\u00bb custom_margin_last_edited=\u00bboff|phone\u00bb always_center_on_mobile=\u00bboff\u00bb locked=\u00bboff\u00bb global_colors_info=\u00bb{}\u00bb][\/et_pb_image][et_pb_text _builder_version=\u00bb4.27.4&#8243; text_font=\u00bb||||||||\u00bb text_font_size=\u00bb20px\u00bb header_font=\u00bb||||||||\u00bb header_2_font=\u00bbLora|700|||||||\u00bb header_2_font_size=\u00bb50px\u00bb header_2_line_height=\u00bb1.2em\u00bb module_alignment=\u00bbleft\u00bb text_font_size_tablet=\u00bb\u00bb text_font_size_phone=\u00bb16px\u00bb text_font_size_last_edited=\u00bbon|desktop\u00bb header_2_font_size_tablet=\u00bb\u00bb header_2_font_size_phone=\u00bb32px\u00bb header_2_font_size_last_edited=\u00bbon|desktop\u00bb locked=\u00bboff\u00bb global_colors_info=\u00bb{}\u00bb]<\/p>\n<p style=\"text-align: center;\">Joan Clarke<\/p>\n<p>[\/et_pb_text][\/et_pb_column][\/et_pb_row][\/et_pb_section][et_pb_section fb_built=\u00bb1&#8243; admin_label=\u00bbEvents\u00bb _builder_version=\u00bb4.16&#8243; background_color=\u00bb#ffffff\u00bb custom_padding=\u00bb0px||16px|||\u00bb locked=\u00bboff\u00bb global_colors_info=\u00bb{}\u00bb][et_pb_row _builder_version=\u00bb4.16&#8243; locked=\u00bboff\u00bb global_colors_info=\u00bb{}\u00bb][et_pb_column type=\u00bb4_4&#8243; _builder_version=\u00bb4.16&#8243; global_colors_info=\u00bb{}\u00bb][et_pb_gallery gallery_ids=\u00bb218586,218596,218597,218607&#8243; show_title_and_caption=\u00bboff\u00bb _builder_version=\u00bb4.27.6&#8243; hover_enabled=\u00bb0&#8243; dbdb_version=\u00bb5.1.1&#8243; dbdb_show_lightbox_title=\u00bboff\u00bb dbdb_show_lightbox_image_count=\u00bboff\u00bb locked=\u00bboff\u00bb global_colors_info=\u00bb{}\u00bb sticky_enabled=\u00bb0&#8243;][\/et_pb_gallery][\/et_pb_column][\/et_pb_row][et_pb_row column_structure=\u00bb1_3,1_3,1_3&#8243; _builder_version=\u00bb4.27.4&#8243; _module_preset=\u00bbdefault\u00bb custom_padding=\u00bb9px||3px|||\u00bb locked=\u00bboff\u00bb global_colors_info=\u00bb{}\u00bb][et_pb_column type=\u00bb1_3&#8243; _builder_version=\u00bb4.27.4&#8243; _module_preset=\u00bbdefault\u00bb global_colors_info=\u00bb{}\u00bb][et_pb_button button_url=\u00bbhttps:\/\/experimentopanzergeist.es\/es\/kennkarte\/\u00bb button_text=\u00bbP\u00e1gina anterior\u00bb _builder_version=\u00bb4.27.4&#8243; _module_preset=\u00bbdefault\u00bb custom_button=\u00bbon\u00bb button_text_color=\u00bb#FFFFFF\u00bb button_bg_color=\u00bb#011C40&#8243; button_bg_image=\u00bbhttps:\/\/experimentopanzergeist.es\/wp-content\/uploads\/\/2025\/11\/boton-bustos.png\u00bb button_border_width=\u00bb1px\u00bb button_border_color=\u00bb#011C40&#8243; button_border_radius=\u00bb10px\u00bb box_shadow_style=\u00bbpreset4&#8243; box_shadow_horizontal=\u00bb5px\u00bb box_shadow_vertical=\u00bb5px\u00bb box_shadow_color=\u00bbrgba(0,29,73,0.75)\u00bb locked=\u00bboff\u00bb global_colors_info=\u00bb{}\u00bb][\/et_pb_button][\/et_pb_column][et_pb_column type=\u00bb1_3&#8243; _builder_version=\u00bb4.27.4&#8243; _module_preset=\u00bbdefault\u00bb global_colors_info=\u00bb{}\u00bb][et_pb_button button_url=\u00bbhttps:\/\/experimentopanzergeist.es\/es\/novela-en-imagenes\/\u00bb button_text=\u00bbNovela en im\u00e1genes\u00bb button_alignment=\u00bbcenter\u00bb _builder_version=\u00bb4.27.4&#8243; _module_preset=\u00bbdefault\u00bb custom_button=\u00bbon\u00bb button_text_color=\u00bb#FFFFFF\u00bb button_bg_color=\u00bb#011C40&#8243; button_bg_image=\u00bbhttps:\/\/experimentopanzergeist.es\/wp-content\/uploads\/\/2025\/11\/boton-bustos.png\u00bb button_border_width=\u00bb1px\u00bb button_border_color=\u00bb#011C40&#8243; button_border_radius=\u00bb10px\u00bb box_shadow_style=\u00bbpreset4&#8243; box_shadow_horizontal=\u00bb5px\u00bb box_shadow_vertical=\u00bb5px\u00bb box_shadow_color=\u00bbrgba(0,29,73,0.75)\u00bb locked=\u00bboff\u00bb global_colors_info=\u00bb{}\u00bb][\/et_pb_button][\/et_pb_column][et_pb_column type=\u00bb1_3&#8243; _builder_version=\u00bb4.27.4&#8243; _module_preset=\u00bbdefault\u00bb global_colors_info=\u00bb{}\u00bb][et_pb_button button_url=\u00bbhttps:\/\/experimentopanzergeist.es\/es\/vestimenta-romana\u00bb button_text=\u00bbP\u00e1gina  siguiente\u00bb button_alignment=\u00bbright\u00bb _builder_version=\u00bb4.27.4&#8243; _module_preset=\u00bbdefault\u00bb custom_button=\u00bbon\u00bb button_text_color=\u00bb#FFFFFF\u00bb button_bg_color=\u00bb#011C40&#8243; button_bg_image=\u00bbhttps:\/\/experimentopanzergeist.es\/wp-content\/uploads\/\/2025\/11\/boton-bustos.png\u00bb button_border_width=\u00bb1px\u00bb button_border_color=\u00bb#011C40&#8243; button_border_radius=\u00bb10px\u00bb box_shadow_style=\u00bbpreset4&#8243; box_shadow_horizontal=\u00bb5px\u00bb box_shadow_vertical=\u00bb5px\u00bb box_shadow_color=\u00bbrgba(0,29,73,0.75)\u00bb locked=\u00bboff\u00bb global_colors_info=\u00bb{}\u00bb][\/et_pb_button][\/et_pb_column][\/et_pb_row][\/et_pb_section][et_pb_section fb_built=\u00bb1&#8243; fullwidth=\u00bbon\u00bb _builder_version=\u00bb4.16&#8243; locked=\u00bboff\u00bb global_colors_info=\u00bb{}\u00bb][et_pb_fullwidth_image src=\u00bbhttps:\/\/experimentopanzergeist.es\/wp-content\/uploads\/\/2020\/01\/food-bank_56.png\u00bb _builder_version=\u00bb4.16&#8243; global_colors_info=\u00bb{}\u00bb][\/et_pb_fullwidth_image][\/et_pb_section]<\/p>\n","protected":false},"excerpt":{"rendered":"<p>La Descifradora \u00abEnigma\u00bbEl sistema de cifrado que sostuvo al aparato militar del Tercer Reich \u00a0 \u00a0 \u00a0 \u00a0 \u00a0 Durante la Segunda Guerra Mundial, el ej\u00e9rcito alem\u00e1n utiliz\u00f3 una m\u00e1quina de cifrado llamada Enigma para proteger sus comunicaciones. Dise\u00f1ada originalmente por la empresa alemana Scherbius &amp; Ritter en 1918, fue adoptada por la marina alemana [&hellip;]<\/p>\n","protected":false},"author":1,"featured_media":0,"parent":0,"menu_order":0,"comment_status":"closed","ping_status":"closed","template":"","meta":{"_et_pb_use_builder":"on","_et_pb_old_content":"","_et_gb_content_width":"","footnotes":""},"class_list":["post-222974","page","type-page","status-publish","hentry"],"_links":{"self":[{"href":"https:\/\/experimentopanzergeist.es\/fr\/wp-json\/wp\/v2\/pages\/222974","targetHints":{"allow":["GET"]}}],"collection":[{"href":"https:\/\/experimentopanzergeist.es\/fr\/wp-json\/wp\/v2\/pages"}],"about":[{"href":"https:\/\/experimentopanzergeist.es\/fr\/wp-json\/wp\/v2\/types\/page"}],"author":[{"embeddable":true,"href":"https:\/\/experimentopanzergeist.es\/fr\/wp-json\/wp\/v2\/users\/1"}],"replies":[{"embeddable":true,"href":"https:\/\/experimentopanzergeist.es\/fr\/wp-json\/wp\/v2\/comments?post=222974"}],"version-history":[{"count":24,"href":"https:\/\/experimentopanzergeist.es\/fr\/wp-json\/wp\/v2\/pages\/222974\/revisions"}],"predecessor-version":[{"id":243271,"href":"https:\/\/experimentopanzergeist.es\/fr\/wp-json\/wp\/v2\/pages\/222974\/revisions\/243271"}],"wp:attachment":[{"href":"https:\/\/experimentopanzergeist.es\/fr\/wp-json\/wp\/v2\/media?parent=222974"}],"curies":[{"name":"wp","href":"https:\/\/api.w.org\/{rel}","templated":true}]}}